{"id":731,"date":"2023-02-13T10:23:08","date_gmt":"2023-02-13T10:23:08","guid":{"rendered":"https:\/\/greengen.liganova.com\/services\/"},"modified":"2024-06-17T12:18:48","modified_gmt":"2024-06-17T12:18:48","slug":"services","status":"publish","type":"page","link":"https:\/\/greengen.liganova.com\/de\/services\/","title":{"rendered":"Services"},"content":{"rendered":"<div class=\"wpb-content-wrapper\"><p>[vc_row][vc_column column_width_percent=&#8220;100&#8243; gutter_size=&#8220;3&#8243; overlay_alpha=&#8220;50&#8243; shift_x=&#8220;0&#8243; shift_y=&#8220;0&#8243; shift_y_down=&#8220;0&#8243; z_index=&#8220;0&#8243; medium_width=&#8220;0&#8243; mobile_width=&#8220;0&#8243; width=&#8220;1\/1&#8243; uncode_shortcode_id=&#8220;123749&#8243;][vc_raw_html]PGEgY2xhc3M9ImNsb3NlLWJ1dHRvbiIgaHJlZj0iaHR0cHM6Ly9ncmVlbmdlbi5saWdhbm92YS5jb20vZGUvIj4NCjxpbWcgc3JjPSJodHRwczovL2dyZWVuZ2VuLmxpZ2Fub3ZhLmNvbS93cC1jb250ZW50L3VwbG9hZHMvMjAyMy8wMi9nZy1jbG9zZS1ibC5zdmciIGFsdD0iQ2xvc2UiIHdpZHRoPSI1MCIgLz4NCjwvYT4=[\/vc_raw_html][vc_row_inner][vc_column_inner column_width_percent=&#8220;100&#8243; align_horizontal=&#8220;align_center&#8220; gutter_size=&#8220;2&#8243; overlay_alpha=&#8220;50&#8243; shift_x=&#8220;0&#8243; shift_y=&#8220;0&#8243; shift_y_down=&#8220;0&#8243; z_index=&#8220;0&#8243; align_medium=&#8220;align_left_tablet&#8220; medium_width=&#8220;0&#8243; align_mobile=&#8220;align_left_mobile&#8220; mobile_width=&#8220;0&#8243; width=&#8220;1\/1&#8243; uncode_shortcode_id=&#8220;100696&#8243;][vc_column_text uncode_shortcode_id=&#8220;104230&#8243;]Services[\/vc_column_text][\/vc_column_inner][\/vc_row_inner][\/vc_column][\/vc_row][vc_row row_height_percent=&#8220;0&#8243; overlay_alpha=&#8220;50&#8243; gutter_size=&#8220;3&#8243; column_width_percent=&#8220;100&#8243; shift_y=&#8220;0&#8243; z_index=&#8220;0&#8243; uncode_shortcode_id=&#8220;516299&#8243;][vc_column column_width_percent=&#8220;70&#8243; position_vertical=&#8220;middle&#8220; align_horizontal=&#8220;align_center&#8220; gutter_size=&#8220;3&#8243; style=&#8220;dark&#8220; back_image=&#8220;691&#8243; overlay_alpha=&#8220;50&#8243; shift_x=&#8220;0&#8243; shift_y=&#8220;0&#8243; shift_y_down=&#8220;0&#8243; z_index=&#8220;0&#8243; medium_width=&#8220;0&#8243; mobile_width=&#8220;0&#8243; width=&#8220;1\/1&#8243; uncode_shortcode_id=&#8220;116452&#8243;][vc_empty_space empty_h=&#8220;2&#8243;][vc_empty_space empty_h=&#8220;5&#8243; mobile_visibility=&#8220;yes&#8220;][vc_custom_heading heading_semantic=&#8220;p&#8220; text_font=&#8220;font-185131&#8243; text_size=&#8220;fontsize-901065&#8243; text_height=&#8220;fontheight-103495&#8243; uncode_shortcode_id=&#8220;168270&#8243;]Optimale Datenlage f\u00fcr nachhaltige Transformation[\/vc_custom_heading][vc_empty_space empty_h=&#8220;5&#8243; mobile_visibility=&#8220;yes&#8220;][vc_empty_space empty_h=&#8220;2&#8243;][\/vc_column][\/vc_row][vc_row row_height_percent=&#8220;0&#8243; override_padding=&#8220;yes&#8220; h_padding=&#8220;2&#8243; top_padding=&#8220;3&#8243; bottom_padding=&#8220;3&#8243; overlay_alpha=&#8220;50&#8243; gutter_size=&#8220;3&#8243; column_width_percent=&#8220;100&#8243; shift_y=&#8220;0&#8243; z_index=&#8220;0&#8243; uncode_shortcode_id=&#8220;305981&#8243;][vc_column column_width_percent=&#8220;90&#8243; gutter_size=&#8220;3&#8243; overlay_alpha=&#8220;50&#8243; shift_x=&#8220;0&#8243; shift_y=&#8220;0&#8243; shift_y_down=&#8220;0&#8243; z_index=&#8220;0&#8243; medium_width=&#8220;0&#8243; mobile_width=&#8220;0&#8243; width=&#8220;1\/1&#8243; uncode_shortcode_id=&#8220;301142&#8243;][vc_column_text uncode_shortcode_id=&#8220;658448&#8243;]Nachhaltigkeit ist eine strategische Priorit\u00e4t f\u00fcr Unternehmen. Die \u00dcbertragung der Nachhaltigkeitsziele eines Unternehmens auf den Retail kann sich jedoch oft wie eine un\u00fcberwindbare Herausforderung anf\u00fchlen.. Dies liegt vor allem an der Schwierigkeit, datenbasierte Entscheidungen zu treffen, da es an nahtlosen digitalen Werkzeugen fehlt, um ihre Folgen im gesamten Wertsch\u00f6pfungszyklus zu messen.<\/p>\n<p>Unsere Dienstleistungen erm\u00f6glichen es, den Retail durch eine Kombination aus hochgradig detaillierten Datenauswertungen und Strategieentwicklung zu ver\u00e4ndern.<br \/>\n[\/vc_column_text][\/vc_column][\/vc_row][vc_row row_height_percent=&#8220;0&#8243; overlay_alpha=&#8220;50&#8243; equal_height=&#8220;yes&#8220; gutter_size=&#8220;0&#8243; column_width_percent=&#8220;100&#8243; shift_y=&#8220;0&#8243; z_index=&#8220;0&#8243; uncode_shortcode_id=&#8220;148473&#8243;][vc_column column_width_percent=&#8220;100&#8243; position_vertical=&#8220;middle&#8220; align_horizontal=&#8220;align_center&#8220; gutter_size=&#8220;3&#8243; style=&#8220;dark&#8220; back_image=&#8220;206&#8243; overlay_color=&#8220;color-jevc&#8220; overlay_alpha=&#8220;75&#8243; shift_x=&#8220;0&#8243; shift_y=&#8220;0&#8243; shift_y_down=&#8220;0&#8243; z_index=&#8220;0&#8243; medium_width=&#8220;3&#8243; mobile_width=&#8220;0&#8243; width=&#8220;1\/3&#8243; uncode_shortcode_id=&#8220;126625&#8243; overlay_color_type=&#8220;uncode-palette&#8220; el_class=&#8220;solutions-wrapper&#8220;][vc_empty_space empty_h=&#8220;1&#8243;][vc_custom_heading heading_semantic=&#8220;p&#8220; text_font=&#8220;font-185131&#8243; text_size=&#8220;fontsize-196804&#8243; text_height=&#8220;fontheight-103495&#8243; uncode_shortcode_id=&#8220;908645&#8243;]Green Gen<br \/>\nCalculator[\/vc_custom_heading][vc_empty_space empty_h=&#8220;1&#8243;][vc_column_text text_lead=&#8220;small&#8220; uncode_shortcode_id=&#8220;303376&#8243;]Berechnung und<br \/>\nKonsolidierung aller Event-, Messe-<br \/>\nund Retail-bezogenen CO2e-Emissionen.[\/vc_column_text][vc_empty_space empty_h=&#8220;1&#8243;][vc_button border_animation=&#8220;btn-ripple-out&#8220; outline=&#8220;yes&#8220; custom_typo=&#8220;yes&#8220; font_family=&#8220;font-106875&#8243; font_weight=&#8220;400&#8243; text_transform=&#8220;lowercase&#8220; letter_spacing=&#8220;fontspace-159385&#8243; border_width=&#8220;0&#8243; link=&#8220;url:https%3A%2F%2Fgreengen-calculator.com%2F%3Futm_source%3Dwebsite%26utm_medium%3Dreferral%26utm_campaign%3Dredirect|title:CO%E2%82%82%20Calculator|target:_blank|&#8220; uncode_shortcode_id=&#8220;166321&#8243;]Explore More[\/vc_button][vc_empty_space empty_h=&#8220;3&#8243;][\/vc_column][vc_column column_width_percent=&#8220;100&#8243; position_vertical=&#8220;middle&#8220; align_horizontal=&#8220;align_center&#8220; gutter_size=&#8220;3&#8243; style=&#8220;dark&#8220; back_image=&#8220;205&#8243; overlay_color=&#8220;color-jevc&#8220; overlay_alpha=&#8220;75&#8243; shift_x=&#8220;0&#8243; shift_y=&#8220;0&#8243; shift_y_down=&#8220;0&#8243; z_index=&#8220;0&#8243; medium_width=&#8220;3&#8243; mobile_width=&#8220;0&#8243; width=&#8220;1\/3&#8243; uncode_shortcode_id=&#8220;135744&#8243; overlay_color_type=&#8220;uncode-palette&#8220; el_class=&#8220;solutions-wrapper&#8220;][vc_empty_space empty_h=&#8220;1&#8243;][vc_custom_heading heading_semantic=&#8220;p&#8220; text_font=&#8220;font-185131&#8243; text_size=&#8220;fontsize-196804&#8243; text_height=&#8220;fontheight-103495&#8243; uncode_shortcode_id=&#8220;136952&#8243;]Nachhaltigkeits-<br \/>\nberatung[\/vc_custom_heading][vc_empty_space empty_h=&#8220;1&#8243;][vc_column_text text_lead=&#8220;small&#8220; uncode_shortcode_id=&#8220;101418&#8243;]Abstimmung von- Brand &amp;<br \/>\nRetail-Strategie mit<br \/>\nUnternehmenszielen[\/vc_column_text][vc_empty_space empty_h=&#8220;1&#8243;][vc_button border_animation=&#8220;btn-ripple-out&#8220; outline=&#8220;yes&#8220; custom_typo=&#8220;yes&#8220; font_family=&#8220;font-106875&#8243; font_weight=&#8220;400&#8243; text_transform=&#8220;lowercase&#8220; letter_spacing=&#8220;fontspace-159385&#8243; border_width=&#8220;0&#8243; link=&#8220;url:https%3A%2F%2Fgreengen.liganova.com%2Fde%2Fservices%2Fconsulting%2F|title:Consulting|&#8220; uncode_shortcode_id=&#8220;137251&#8243;]Explore More[\/vc_button][vc_empty_space empty_h=&#8220;3&#8243;][\/vc_column][vc_column column_width_percent=&#8220;100&#8243; position_vertical=&#8220;middle&#8220; align_horizontal=&#8220;align_center&#8220; gutter_size=&#8220;3&#8243; style=&#8220;dark&#8220; back_image=&#8220;207&#8243; overlay_color=&#8220;color-jevc&#8220; overlay_alpha=&#8220;74&#8243; shift_x=&#8220;0&#8243; shift_y=&#8220;0&#8243; shift_y_down=&#8220;0&#8243; z_index=&#8220;0&#8243; medium_width=&#8220;3&#8243; mobile_width=&#8220;0&#8243; width=&#8220;1\/3&#8243; uncode_shortcode_id=&#8220;106974&#8243; overlay_color_type=&#8220;uncode-palette&#8220; el_class=&#8220;solutions-wrapper&#8220;][vc_empty_space empty_h=&#8220;1&#8243;][vc_custom_heading heading_semantic=&#8220;p&#8220; text_font=&#8220;font-185131&#8243; text_size=&#8220;fontsize-196804&#8243; text_height=&#8220;fontheight-103495&#8243; uncode_shortcode_id=&#8220;403062&#8243;]<br \/>\nImplementierung[\/vc_custom_heading][vc_empty_space empty_h=&#8220;1&#8243;][vc_column_text text_lead=&#8220;small&#8220; uncode_shortcode_id=&#8220;177168&#8243;]Erstellung und Durchf\u00fchrung<br \/>\nvon Projekten unter<br \/>\nBer\u00fccksichtigung des<br \/>\nWertsch\u00f6pfungskreislaufs[\/vc_column_text][vc_empty_space empty_h=&#8220;1&#8243;][vc_button border_animation=&#8220;btn-ripple-out&#8220; outline=&#8220;yes&#8220; custom_typo=&#8220;yes&#8220; font_family=&#8220;font-106875&#8243; font_weight=&#8220;400&#8243; text_transform=&#8220;lowercase&#8220; letter_spacing=&#8220;fontspace-159385&#8243; border_width=&#8220;0&#8243; link=&#8220;url:https%3A%2F%2Fgreengen.liganova.com%2Fde%2Fservices%2Fimplementation%2F|title:Implementation|&#8220; uncode_shortcode_id=&#8220;493317&#8243;]Explore More[\/vc_button][vc_empty_space empty_h=&#8220;3&#8243;][\/vc_column][\/vc_row][vc_row row_height_percent=&#8220;0&#8243; overlay_alpha=&#8220;50&#8243; gutter_size=&#8220;3&#8243; column_width_percent=&#8220;100&#8243; shift_y=&#8220;0&#8243; z_index=&#8220;0&#8243; uncode_shortcode_id=&#8220;138314&#8243;][vc_column column_width_percent=&#8220;100&#8243; align_horizontal=&#8220;align_center&#8220; gutter_size=&#8220;3&#8243; overlay_alpha=&#8220;50&#8243; shift_x=&#8220;0&#8243; shift_y=&#8220;0&#8243; shift_y_down=&#8220;0&#8243; z_index=&#8220;0&#8243; medium_width=&#8220;0&#8243; mobile_width=&#8220;0&#8243; width=&#8220;1\/1&#8243; uncode_shortcode_id=&#8220;147734&#8243;][vc_empty_space empty_h=&#8220;3&#8243; mobile_visibility=&#8220;yes&#8220;][vc_custom_heading heading_semantic=&#8220;h3&#8243; text_font=&#8220;font-185131&#8243; text_size=&#8220;fontsize-101592&#8243; uncode_shortcode_id=&#8220;143551&#8243;]Bereit loszulegen?[\/vc_custom_heading][vc_empty_space empty_h=&#8220;1&#8243;][vc_button border_animation=&#8220;btn-ripple-out&#8220; outline=&#8220;yes&#8220; custom_typo=&#8220;yes&#8220; font_family=&#8220;font-106875&#8243; font_weight=&#8220;400&#8243; letter_spacing=&#8220;fontspace-159385&#8243; border_width=&#8220;0&#8243; scale_mobile=&#8220;no&#8220; link=&#8220;url:mailto%3Aeleonora.bodulusic%40liganova.com|title:Jetzt%20Kontakt%20aufnehmen%21|target:_blank|&#8220; uncode_shortcode_id=&#8220;541023&#8243;]Jetzt Kontakt aufnehmen![\/vc_button][vc_empty_space empty_h=&#8220;3&#8243; mobile_visibility=&#8220;yes&#8220;][\/vc_column][\/vc_row][vc_row][vc_column width=&#8220;1\/1&#8243;][vc_column_text uncode_shortcode_id=&#8220;185436&#8243;]Neugierig wie wir das machen?[\/vc_column_text][uncode_index el_id=&#8220;index-164466&#8243; index_type=&#8220;carousel&#8220; loop=&#8220;size:3|order_by:date|post_type:page|by_id:78,76,74|taxonomy_count:10&#8243; carousel_lg=&#8220;3&#8243; carousel_md=&#8220;3&#8243; carousel_sm=&#8220;1&#8243; thumb_size=&#8220;sixteen-nine&#8220; gutter_size=&#8220;3&#8243; page_items=&#8220;media|featured|onpost|original,title,icon|md&#8220; carousel_interval=&#8220;3000&#8243; carousel_navspeed=&#8220;400&#8243; carousel_loop=&#8220;yes&#8220; stage_padding=&#8220;0&#8243; single_overlay_opacity=&#8220;50&#8243; single_padding=&#8220;1&#8243; single_title_semantic=&#8220;p&#8220; single_title_family=&#8220;font-106875&#8243; single_title_dimension=&#8220;fontsize-204134&#8243; single_border=&#8220;yes&#8220; no_double_tap=&#8220;yes&#8220; uncode_shortcode_id=&#8220;193352&#8243; single_icon=&#8220;fa fa-plus2&#8243;][\/vc_column][\/vc_row]<\/p>\n<\/div>","protected":false},"excerpt":{"rendered":"<p>[vc_row][vc_column column_width_percent=&#8220;100&#8243; gutter_size=&#8220;3&#8243; overlay_alpha=&#8220;50&#8243; shift_x=&#8220;0&#8243; shift_y=&#8220;0&#8243; shift_y_down=&#8220;0&#8243; z_index=&#8220;0&#8243; medium_width=&#8220;0&#8243; mobile_width=&#8220;0&#8243; width=&#8220;1\/1&#8243; uncode_shortcode_id=&#8220;123749&#8243;][vc_raw_html]PGEgY2xhc3M9ImNsb3NlLWJ1dHRvbiIgaHJlZj0iaHR0cHM6Ly9ncmVlbmdlbi5saWdhbm92YS5jb20vZGUvIj4NCjxpbWcgc3JjPSJodHRwczovL2dyZWVuZ2VuLmxpZ2Fub3ZhLmNvbS93cC1jb250ZW50L3VwbG9hZHMvMjAyMy8wMi9nZy1jbG9zZS1ibC5zdmciIGFsdD0iQ2xvc2UiIHdpZHRoPSI1MCIgLz4NCjwvYT4=[\/vc_raw_html][vc_row_inner][vc_column_inner column_width_percent=&#8220;100&#8243; align_horizontal=&#8220;align_center&#8220; gutter_size=&#8220;2&#8243; overlay_alpha=&#8220;50&#8243; shift_x=&#8220;0&#8243; shift_y=&#8220;0&#8243; shift_y_down=&#8220;0&#8243; z_index=&#8220;0&#8243; [&hellip;]<\/p>\n","protected":false},"author":3,"featured_media":0,"parent":0,"menu_order":0,"comment_status":"closed","ping_status":"closed","template":"","meta":{"om_disable_all_campaigns":false,"footnotes":""},"class_list":["post-731","page","type-page","status-publish","hentry"],"_links":{"self":[{"href":"https:\/\/greengen.liganova.com\/de\/wp-json\/wp\/v2\/pages\/731","targetHints":{"allow":["GET"]}}],"collection":[{"href":"https:\/\/greengen.liganova.com\/de\/wp-json\/wp\/v2\/pages"}],"about":[{"href":"https:\/\/greengen.liganova.com\/de\/wp-json\/wp\/v2\/types\/page"}],"author":[{"embeddable":true,"href":"https:\/\/greengen.liganova.com\/de\/wp-json\/wp\/v2\/users\/3"}],"replies":[{"embeddable":true,"href":"https:\/\/greengen.liganova.com\/de\/wp-json\/wp\/v2\/comments?post=731"}],"version-history":[{"count":42,"href":"https:\/\/greengen.liganova.com\/de\/wp-json\/wp\/v2\/pages\/731\/revisions"}],"predecessor-version":[{"id":1888,"href":"https:\/\/greengen.liganova.com\/de\/wp-json\/wp\/v2\/pages\/731\/revisions\/1888"}],"wp:attachment":[{"href":"https:\/\/greengen.liganova.com\/de\/wp-json\/wp\/v2\/media?parent=731"}],"curies":[{"name":"wp","href":"https:\/\/api.w.org\/{rel}","templated":true}]}}