{"id":749,"date":"2023-02-13T10:27:43","date_gmt":"2023-02-13T10:27:43","guid":{"rendered":"https:\/\/greengen.liganova.com\/services\/consulting\/"},"modified":"2023-03-07T10:55:20","modified_gmt":"2023-03-07T10:55:20","slug":"consulting","status":"publish","type":"page","link":"https:\/\/greengen.liganova.com\/de\/services\/consulting\/","title":{"rendered":"Nachhaltigkeitsberatung"},"content":{"rendered":"<div class=\"wpb-content-wrapper\"><p>[vc_row][vc_column column_width_percent=&#8220;100&#8243; gutter_size=&#8220;3&#8243; overlay_alpha=&#8220;50&#8243; shift_x=&#8220;0&#8243; shift_y=&#8220;0&#8243; shift_y_down=&#8220;0&#8243; z_index=&#8220;0&#8243; medium_width=&#8220;0&#8243; mobile_width=&#8220;0&#8243; width=&#8220;1\/1&#8243; uncode_shortcode_id=&#8220;123749&#8243;][vc_raw_html]PGEgY2xhc3M9ImNsb3NlLWJ1dHRvbiIgaHJlZj0iaHR0cHM6Ly9ncmVlbmdlbi5saWdhbm92YS5jb20vZGUvc2VydmljZXMvIj4NCjxpbWcgc3JjPSJodHRwczovL2dyZWVuZ2VuLmxpZ2Fub3ZhLmNvbS93cC1jb250ZW50L3VwbG9hZHMvMjAyMy8wMi9nZy1jbG9zZS1ibC5zdmciIGFsdD0iQ2xvc2UiIHdpZHRoPSI1MCIgLz4NCjwvYT4=[\/vc_raw_html][vc_row_inner][vc_column_inner column_width_percent=&#8220;100&#8243; align_horizontal=&#8220;align_center&#8220; gutter_size=&#8220;2&#8243; overlay_alpha=&#8220;50&#8243; shift_x=&#8220;0&#8243; shift_y=&#8220;0&#8243; shift_y_down=&#8220;0&#8243; z_index=&#8220;0&#8243; align_medium=&#8220;align_left_tablet&#8220; medium_width=&#8220;0&#8243; align_mobile=&#8220;align_left_mobile&#8220; mobile_width=&#8220;0&#8243; width=&#8220;1\/1&#8243; uncode_shortcode_id=&#8220;100696&#8243;][vc_column_text uncode_shortcode_id=&#8220;190788&#8243;]Nachhaltigkeitsberatung[\/vc_column_text][\/vc_column_inner][\/vc_row_inner][\/vc_column][\/vc_row][vc_row][vc_column width=&#8220;1\/1&#8243;][vc_single_image media=&#8220;638&#8243; media_width_percent=&#8220;100&#8243; uncode_shortcode_id=&#8220;134778&#8243;][\/vc_column][\/vc_row][vc_row row_height_percent=&#8220;0&#8243; overlay_alpha=&#8220;50&#8243; gutter_size=&#8220;3&#8243; column_width_percent=&#8220;100&#8243; shift_y=&#8220;0&#8243; z_index=&#8220;0&#8243; uncode_shortcode_id=&#8220;138861&#8243;][vc_column column_width_percent=&#8220;90&#8243; gutter_size=&#8220;3&#8243; overlay_alpha=&#8220;50&#8243; shift_x=&#8220;0&#8243; shift_y=&#8220;0&#8243; shift_y_down=&#8220;0&#8243; z_index=&#8220;0&#8243; medium_width=&#8220;0&#8243; mobile_width=&#8220;0&#8243; width=&#8220;1\/1&#8243; uncode_shortcode_id=&#8220;705248&#8243;][vc_row_inner][vc_column_inner column_width_percent=&#8220;100&#8243; position_horizontal=&#8220;left&#8220; gutter_size=&#8220;3&#8243; overlay_alpha=&#8220;50&#8243; shift_x=&#8220;0&#8243; shift_y=&#8220;0&#8243; shift_y_down=&#8220;0&#8243; z_index=&#8220;0&#8243; medium_width=&#8220;0&#8243; mobile_width=&#8220;0&#8243; width=&#8220;1\/1&#8243; uncode_shortcode_id=&#8220;170447&#8243;][vc_custom_heading heading_semantic=&#8220;p&#8220; text_font=&#8220;font-185131&#8243; text_size=&#8220;fontsize-196804&#8243; text_height=&#8220;fontheight-468822&#8243; uncode_shortcode_id=&#8220;168496&#8243;]Jedes Unternehmen, jede Marke und jedes Projekt befindet sich in einer anderen Phase der nachhaltigen Transformation. [\/vc_custom_heading][\/vc_column_inner][\/vc_row_inner][vc_column_text uncode_shortcode_id=&#8220;234224&#8243;]Nachhaltigkeit ist eine strategische Priorit\u00e4t f\u00fcr Unternehmen. Die \u00dcbertragung der Nachhaltigkeitsziele eines Unternehmens auf den Retail kann sich jedoch oft wie eine un\u00fcberwindbare Herausforderung anf\u00fchlen. Dank unserer Brand- und Retailerfahrung sind wir bei LIGANOVA bestens positioniert, um Sie bei der Umstellung auf einen nachhaltigeren Retail zu unterst\u00fctzen.<\/p>\n<p>Unsere Nachhaltigkeitsberatung umfasst neben der strategischen Arbeit  auch einen Aktionsplan f\u00fcr die ganzheitliche, nachhaltige Umgestaltung Ihrer Marke und Ihrer Retailfl\u00e4chen, der auf Daten basiert und klar definierte Emissionsreduktionsziele erf\u00fcllt.[\/vc_column_text][\/vc_column][\/vc_row][vc_row row_height_percent=&#8220;0&#8243; overlay_alpha=&#8220;50&#8243; gutter_size=&#8220;3&#8243; column_width_percent=&#8220;100&#8243; shift_y=&#8220;0&#8243; z_index=&#8220;0&#8243; uncode_shortcode_id=&#8220;138307&#8243;][vc_column column_width_percent=&#8220;100&#8243; align_horizontal=&#8220;align_center&#8220; gutter_size=&#8220;3&#8243; overlay_alpha=&#8220;50&#8243; shift_x=&#8220;0&#8243; shift_y=&#8220;0&#8243; shift_y_down=&#8220;0&#8243; z_index=&#8220;0&#8243; medium_width=&#8220;0&#8243; mobile_width=&#8220;0&#8243; width=&#8220;1\/1&#8243; uncode_shortcode_id=&#8220;183459&#8243;][vc_empty_space empty_h=&#8220;2&#8243;][vc_row_inner][vc_column_inner column_width_percent=&#8220;100&#8243; align_horizontal=&#8220;align_center&#8220; gutter_size=&#8220;3&#8243; overlay_alpha=&#8220;50&#8243; shift_x=&#8220;0&#8243; shift_y=&#8220;0&#8243; shift_y_down=&#8220;0&#8243; z_index=&#8220;0&#8243; medium_width=&#8220;0&#8243; mobile_width=&#8220;0&#8243; width=&#8220;1\/1&#8243; uncode_shortcode_id=&#8220;370449&#8243;][vc_custom_heading heading_semantic=&#8220;h3&#8243; text_font=&#8220;font-185131&#8243; text_size=&#8220;fontsize-101592&#8243; uncode_shortcode_id=&#8220;119939&#8243;]Unser Beratungsangebot umfasst:[\/vc_custom_heading][\/vc_column_inner][\/vc_row_inner][vc_empty_space empty_h=&#8220;2&#8243;][vc_row_inner row_inner_height_percent=&#8220;0&#8243; overlay_alpha=&#8220;50&#8243; gutter_size=&#8220;3&#8243; shift_y=&#8220;0&#8243; z_index=&#8220;0&#8243; uncode_shortcode_id=&#8220;743490&#8243;][vc_column_inner column_width_percent=&#8220;100&#8243; position_horizontal=&#8220;left&#8220; gutter_size=&#8220;3&#8243; overlay_alpha=&#8220;50&#8243; shift_x=&#8220;0&#8243; shift_y=&#8220;0&#8243; shift_y_down=&#8220;0&#8243; z_index=&#8220;0&#8243; medium_width=&#8220;4&#8243; mobile_width=&#8220;0&#8243; width=&#8220;1\/2&#8243; uncode_shortcode_id=&#8220;188377&#8243;][vc_single_image media=&#8220;640&#8243; media_width_percent=&#8220;90&#8243; uncode_shortcode_id=&#8220;213394&#8243;][\/vc_column_inner][vc_column_inner column_width_percent=&#8220;90&#8243; position_horizontal=&#8220;left&#8220; gutter_size=&#8220;3&#8243; overlay_alpha=&#8220;50&#8243; shift_x=&#8220;0&#8243; shift_y=&#8220;0&#8243; shift_y_down=&#8220;0&#8243; z_index=&#8220;0&#8243; medium_width=&#8220;4&#8243; mobile_width=&#8220;0&#8243; width=&#8220;1\/2&#8243; uncode_shortcode_id=&#8220;179731&#8243;][vc_column_text uncode_shortcode_id=&#8220;988571&#8243; el_id=&#8220;custom-bullets&#8220;]<\/p>\n<ul>\n<li>Marktforschung: Analyse der Marktnachfrage und -entwicklung<\/li>\n<li>Strategieentwicklung und -umsetzung: Bewertung des Status quo und Erstellung von Aktionspl\u00e4nen<\/li>\n<li>Kreative Leitung: Entwicklung und Umsetzung von Designl\u00f6sungen, Auswahl von Materialien, technisches Engineering und Prototyping<\/li>\n<\/ul>\n<p>[\/vc_column_text][vc_empty_space empty_h=&#8220;2&#8243; desktop_visibility=&#8220;yes&#8220; medium_visibility=&#8220;yes&#8220;][\/vc_column_inner][\/vc_row_inner][vc_empty_space empty_h=&#8220;3&#8243;][vc_row_inner row_inner_height_percent=&#8220;0&#8243; overlay_alpha=&#8220;50&#8243; gutter_size=&#8220;3&#8243; shift_y=&#8220;0&#8243; z_index=&#8220;0&#8243; inverted_device_order=&#8220;yes&#8220; uncode_shortcode_id=&#8220;138656&#8243;][vc_column_inner column_width_percent=&#8220;90&#8243; position_horizontal=&#8220;left&#8220; gutter_size=&#8220;3&#8243; overlay_alpha=&#8220;50&#8243; shift_x=&#8220;0&#8243; shift_y=&#8220;0&#8243; shift_y_down=&#8220;0&#8243; z_index=&#8220;0&#8243; medium_width=&#8220;4&#8243; mobile_width=&#8220;0&#8243; width=&#8220;1\/2&#8243; uncode_shortcode_id=&#8220;182971&#8243;][vc_column_text uncode_shortcode_id=&#8220;150678&#8243; el_id=&#8220;custom-bullets&#8220;]<\/p>\n<ul>\n<li>Task Forces: Bildung von Task Forces zur Bew\u00e4ltigung gemeinsamer Herausforderungen, mit einem Projektumfeld und einer Plattform, die Ergebnisse gew\u00e4hrleistet<\/li>\n<li>Strategische Partnerschaften: Beschaffung und Identifizierung der bestm\u00f6glichen Partner, die Sie bei der Erreichung Ihrer Ziele unterst\u00fctzen<\/li>\n<li>Nachhaltigkeitskommunikation und Change Management<\/li>\n<\/ul>\n<p>[\/vc_column_text][vc_empty_space empty_h=&#8220;2&#8243; desktop_visibility=&#8220;yes&#8220; medium_visibility=&#8220;yes&#8220;][\/vc_column_inner][vc_column_inner column_width_percent=&#8220;100&#8243; position_horizontal=&#8220;left&#8220; gutter_size=&#8220;3&#8243; overlay_alpha=&#8220;50&#8243; shift_x=&#8220;0&#8243; shift_y=&#8220;0&#8243; shift_y_down=&#8220;0&#8243; z_index=&#8220;0&#8243; medium_width=&#8220;4&#8243; mobile_width=&#8220;0&#8243; width=&#8220;1\/2&#8243; uncode_shortcode_id=&#8220;179870&#8243;][vc_single_image media=&#8220;642&#8243; media_width_percent=&#8220;90&#8243; alignment=&#8220;right&#8220; uncode_shortcode_id=&#8220;209560&#8243;][\/vc_column_inner][\/vc_row_inner][\/vc_column][\/vc_row][vc_row row_height_percent=&#8220;0&#8243; overlay_alpha=&#8220;50&#8243; gutter_size=&#8220;3&#8243; column_width_percent=&#8220;100&#8243; shift_y=&#8220;0&#8243; z_index=&#8220;0&#8243; uncode_shortcode_id=&#8220;138314&#8243;][vc_column column_width_percent=&#8220;100&#8243; align_horizontal=&#8220;align_center&#8220; gutter_size=&#8220;3&#8243; overlay_alpha=&#8220;50&#8243; shift_x=&#8220;0&#8243; shift_y=&#8220;0&#8243; shift_y_down=&#8220;0&#8243; z_index=&#8220;0&#8243; medium_width=&#8220;0&#8243; mobile_width=&#8220;0&#8243; width=&#8220;1\/1&#8243; uncode_shortcode_id=&#8220;147734&#8243;][vc_empty_space empty_h=&#8220;3&#8243; mobile_visibility=&#8220;yes&#8220;][vc_custom_heading heading_semantic=&#8220;h3&#8243; text_font=&#8220;font-185131&#8243; text_size=&#8220;fontsize-101592&#8243; uncode_shortcode_id=&#8220;159577&#8243;]Finden Sie heraus, wie wir Sie unterst\u00fctzen k\u00f6nnen[\/vc_custom_heading][vc_empty_space empty_h=&#8220;1&#8243;][vc_button border_animation=&#8220;btn-ripple-out&#8220; outline=&#8220;yes&#8220; custom_typo=&#8220;yes&#8220; font_family=&#8220;font-106875&#8243; font_weight=&#8220;400&#8243; letter_spacing=&#8220;fontspace-159385&#8243; border_width=&#8220;0&#8243; scale_mobile=&#8220;no&#8220; link=&#8220;url:mailto%3Aeleonora.bodulusic%40liganova.com|title:Kontaktieren%20Sie%20uns|target:_blank|&#8220; uncode_shortcode_id=&#8220;128830&#8243;]Kontaktieren Sie uns[\/vc_button][vc_empty_space empty_h=&#8220;3&#8243; mobile_visibility=&#8220;yes&#8220;][\/vc_column][\/vc_row]<\/p>\n<\/div>","protected":false},"excerpt":{"rendered":"<p>[vc_row][vc_column column_width_percent=&#8220;100&#8243; gutter_size=&#8220;3&#8243; overlay_alpha=&#8220;50&#8243; shift_x=&#8220;0&#8243; shift_y=&#8220;0&#8243; shift_y_down=&#8220;0&#8243; z_index=&#8220;0&#8243; medium_width=&#8220;0&#8243; mobile_width=&#8220;0&#8243; width=&#8220;1\/1&#8243; uncode_shortcode_id=&#8220;123749&#8243;][vc_raw_html]PGEgY2xhc3M9ImNsb3NlLWJ1dHRvbiIgaHJlZj0iaHR0cHM6Ly9ncmVlbmdlbi5saWdhbm92YS5jb20vZGUvc2VydmljZXMvIj4NCjxpbWcgc3JjPSJodHRwczovL2dyZWVuZ2VuLmxpZ2Fub3ZhLmNvbS93cC1jb250ZW50L3VwbG9hZHMvMjAyMy8wMi9nZy1jbG9zZS1ibC5zdmciIGFsdD0iQ2xvc2UiIHdpZHRoPSI1MCIgLz4NCjwvYT4=[\/vc_raw_html][vc_row_inner][vc_column_inner column_width_percent=&#8220;100&#8243; align_horizontal=&#8220;align_center&#8220; gutter_size=&#8220;2&#8243; overlay_alpha=&#8220;50&#8243; shift_x=&#8220;0&#8243; shift_y=&#8220;0&#8243; shift_y_down=&#8220;0&#8243; z_index=&#8220;0&#8243; [&hellip;]<\/p>\n","protected":false},"author":3,"featured_media":639,"parent":731,"menu_order":0,"comment_status":"closed","ping_status":"closed","template":"","meta":{"om_disable_all_campaigns":false,"footnotes":""},"class_list":["post-749","page","type-page","status-publish","has-post-thumbnail","hentry","page_category-services-de"],"_links":{"self":[{"href":"https:\/\/greengen.liganova.com\/de\/wp-json\/wp\/v2\/pages\/749","targetHints":{"allow":["GET"]}}],"collection":[{"href":"https:\/\/greengen.liganova.com\/de\/wp-json\/wp\/v2\/pages"}],"about":[{"href":"https:\/\/greengen.liganova.com\/de\/wp-json\/wp\/v2\/types\/page"}],"author":[{"embeddable":true,"href":"https:\/\/greengen.liganova.com\/de\/wp-json\/wp\/v2\/users\/3"}],"replies":[{"embeddable":true,"href":"https:\/\/greengen.liganova.com\/de\/wp-json\/wp\/v2\/comments?post=749"}],"version-history":[{"count":27,"href":"https:\/\/greengen.liganova.com\/de\/wp-json\/wp\/v2\/pages\/749\/revisions"}],"predecessor-version":[{"id":1552,"href":"https:\/\/greengen.liganova.com\/de\/wp-json\/wp\/v2\/pages\/749\/revisions\/1552"}],"up":[{"embeddable":true,"href":"https:\/\/greengen.liganova.com\/de\/wp-json\/wp\/v2\/pages\/731"}],"wp:featuredmedia":[{"embeddable":true,"href":"https:\/\/greengen.liganova.com\/de\/wp-json\/wp\/v2\/media\/639"}],"wp:attachment":[{"href":"https:\/\/greengen.liganova.com\/de\/wp-json\/wp\/v2\/media?parent=749"}],"curies":[{"name":"wp","href":"https:\/\/api.w.org\/{rel}","templated":true}]}}