{"id":768,"date":"2023-02-13T10:22:59","date_gmt":"2023-02-13T10:22:59","guid":{"rendered":"https:\/\/greengen.liganova.com\/solutions\/"},"modified":"2024-01-04T11:48:54","modified_gmt":"2024-01-04T11:48:54","slug":"solutions","status":"publish","type":"page","link":"https:\/\/greengen.liganova.com\/de\/solutions\/","title":{"rendered":"Solutions"},"content":{"rendered":"<div class=\"wpb-content-wrapper\"><p>[vc_row][vc_column column_width_percent=&#8220;100&#8243; gutter_size=&#8220;3&#8243; overlay_alpha=&#8220;50&#8243; shift_x=&#8220;0&#8243; shift_y=&#8220;0&#8243; shift_y_down=&#8220;0&#8243; z_index=&#8220;0&#8243; medium_width=&#8220;0&#8243; mobile_width=&#8220;0&#8243; width=&#8220;1\/1&#8243; uncode_shortcode_id=&#8220;123749&#8243;][vc_raw_html]PGEgY2xhc3M9ImNsb3NlLWJ1dHRvbiIgaHJlZj0iaHR0cHM6Ly9ncmVlbmdlbi5saWdhbm92YS5jb20vZGUvIj4NCjxpbWcgc3JjPSJodHRwczovL2dyZWVuZ2VuLmxpZ2Fub3ZhLmNvbS93cC1jb250ZW50L3VwbG9hZHMvMjAyMy8wMi9nZy1jbG9zZS1ibC5zdmciIGFsdD0iQ2xvc2UiIHdpZHRoPSI1MCIgLz4NCjwvYT4=[\/vc_raw_html][vc_row_inner][vc_column_inner column_width_percent=&#8220;100&#8243; align_horizontal=&#8220;align_center&#8220; gutter_size=&#8220;2&#8243; overlay_alpha=&#8220;50&#8243; shift_x=&#8220;0&#8243; shift_y=&#8220;0&#8243; shift_y_down=&#8220;0&#8243; z_index=&#8220;0&#8243; align_medium=&#8220;align_left_tablet&#8220; medium_width=&#8220;0&#8243; align_mobile=&#8220;align_left_mobile&#8220; mobile_width=&#8220;0&#8243; width=&#8220;1\/1&#8243; uncode_shortcode_id=&#8220;100696&#8243;][vc_column_text uncode_shortcode_id=&#8220;359835&#8243;]Solutions[\/vc_column_text][\/vc_column_inner][\/vc_row_inner][\/vc_column][\/vc_row][vc_row row_height_percent=&#8220;0&#8243; overlay_alpha=&#8220;50&#8243; gutter_size=&#8220;3&#8243; column_width_percent=&#8220;100&#8243; shift_y=&#8220;0&#8243; z_index=&#8220;0&#8243; uncode_shortcode_id=&#8220;516299&#8243;][vc_column column_width_percent=&#8220;60&#8243; position_vertical=&#8220;middle&#8220; align_horizontal=&#8220;align_center&#8220; gutter_size=&#8220;3&#8243; style=&#8220;dark&#8220; back_image=&#8220;728&#8243; overlay_alpha=&#8220;50&#8243; shift_x=&#8220;0&#8243; shift_y=&#8220;0&#8243; shift_y_down=&#8220;0&#8243; z_index=&#8220;0&#8243; medium_width=&#8220;0&#8243; mobile_width=&#8220;0&#8243; width=&#8220;1\/1&#8243; uncode_shortcode_id=&#8220;159789&#8243;][vc_empty_space empty_h=&#8220;2&#8243;][vc_empty_space empty_h=&#8220;5&#8243; mobile_visibility=&#8220;yes&#8220;][vc_custom_heading heading_semantic=&#8220;p&#8220; text_font=&#8220;font-185131&#8243; text_size=&#8220;fontsize-901065&#8243; text_height=&#8220;fontheight-103495&#8243; uncode_shortcode_id=&#8220;279824&#8243;]Au\u00dfergew\u00f6hnliche und nachhaltige Retail Experiences[\/vc_custom_heading][vc_empty_space empty_h=&#8220;5&#8243; mobile_visibility=&#8220;yes&#8220;][vc_empty_space empty_h=&#8220;2&#8243;][\/vc_column][\/vc_row][vc_row row_height_percent=&#8220;0&#8243; override_padding=&#8220;yes&#8220; h_padding=&#8220;2&#8243; top_padding=&#8220;3&#8243; bottom_padding=&#8220;3&#8243; overlay_alpha=&#8220;50&#8243; gutter_size=&#8220;3&#8243; column_width_percent=&#8220;100&#8243; shift_y=&#8220;0&#8243; z_index=&#8220;0&#8243; uncode_shortcode_id=&#8220;305981&#8243;][vc_column column_width_percent=&#8220;90&#8243; gutter_size=&#8220;3&#8243; overlay_alpha=&#8220;50&#8243; shift_x=&#8220;0&#8243; shift_y=&#8220;0&#8243; shift_y_down=&#8220;0&#8243; z_index=&#8220;0&#8243; medium_width=&#8220;0&#8243; mobile_width=&#8220;0&#8243; width=&#8220;1\/1&#8243; uncode_shortcode_id=&#8220;935481&#8243;][vc_column_text uncode_shortcode_id=&#8220;157637&#8243;]Unsere Green Gen<sup>\u00ae<\/sup>-Nachhaltigkeitsl\u00f6sungen sind hochgradig standardisiert, k\u00f6nnen aber dennoch frei an die spezifischen Anforderungen einer Marke angepasst werden. Wir sind in der Lage alle Arten von Projekten zu optimieren \u2013 von kurzfristigen Retailkampagnen bis hin zu Veranstaltungen und Brand Spaces, die auf Langlebigkeit ausgelegt sind.<\/p>\n<p>Unsere un\u00fcbertroffene Mischung aus Design- und Ausf\u00fchrungsexpertise, strategischer Beratung und CO<sub>2<\/sub>-Berechnungssoftware erm\u00f6glicht es uns, effiziente und ma\u00dfgeschneiderte L\u00f6sungen mit maximaler Wirkung zu entwickeln.[\/vc_column_text][\/vc_column][\/vc_row][vc_row row_height_percent=&#8220;0&#8243; overlay_alpha=&#8220;50&#8243; equal_height=&#8220;yes&#8220; gutter_size=&#8220;0&#8243; column_width_percent=&#8220;100&#8243; shift_y=&#8220;0&#8243; z_index=&#8220;0&#8243; uncode_shortcode_id=&#8220;148473&#8243;][vc_column column_width_percent=&#8220;100&#8243; position_vertical=&#8220;middle&#8220; align_horizontal=&#8220;align_center&#8220; gutter_size=&#8220;3&#8243; style=&#8220;dark&#8220; back_image=&#8220;185&#8243; overlay_color=&#8220;color-jevc&#8220; overlay_alpha=&#8220;75&#8243; shift_x=&#8220;0&#8243; shift_y=&#8220;0&#8243; shift_y_down=&#8220;0&#8243; z_index=&#8220;0&#8243; medium_width=&#8220;3&#8243; mobile_width=&#8220;0&#8243; width=&#8220;1\/3&#8243; uncode_shortcode_id=&#8220;781074&#8243; overlay_color_type=&#8220;uncode-palette&#8220; el_class=&#8220;solutions-wrapper&#8220;][vc_empty_space empty_h=&#8220;0&#8243;][vc_custom_heading heading_semantic=&#8220;p&#8220; text_font=&#8220;font-185131&#8243; text_size=&#8220;fontsize-196804&#8243; text_height=&#8220;fontheight-103495&#8243; uncode_shortcode_id=&#8220;195817&#8243;]Green<br \/>\nSpace<br \/>\nCycle[\/vc_custom_heading][vc_empty_space empty_h=&#8220;1&#8243;][vc_column_text text_lead=&#8220;small&#8220; uncode_shortcode_id=&#8220;192437&#8243;]Unsere nachhaltige L\u00f6sung f\u00fcr<br \/>\nStores, Retail &amp; Brand Space Designs<br \/>\nsowie Ausstellungen[\/vc_column_text][vc_empty_space empty_h=&#8220;1&#8243;][vc_button border_animation=&#8220;btn-ripple-out&#8220; outline=&#8220;yes&#8220; custom_typo=&#8220;yes&#8220; font_family=&#8220;font-106875&#8243; font_weight=&#8220;400&#8243; text_transform=&#8220;lowercase&#8220; letter_spacing=&#8220;fontspace-159385&#8243; border_width=&#8220;0&#8243; link=&#8220;url:https%3A%2F%2Fgreengen.liganova.com%2Fde%2Fsolutions%2Fgreen-space-cycle%2F|title:Green%20Space%20Cycle|&#8220; uncode_shortcode_id=&#8220;663832&#8243;]Explore More[\/vc_button][vc_empty_space empty_h=&#8220;2&#8243;][\/vc_column][vc_column column_width_percent=&#8220;100&#8243; position_vertical=&#8220;middle&#8220; align_horizontal=&#8220;align_center&#8220; gutter_size=&#8220;3&#8243; style=&#8220;dark&#8220; back_image=&#8220;186&#8243; overlay_color=&#8220;color-jevc&#8220; overlay_alpha=&#8220;75&#8243; shift_x=&#8220;0&#8243; shift_y=&#8220;0&#8243; shift_y_down=&#8220;0&#8243; z_index=&#8220;0&#8243; medium_width=&#8220;3&#8243; mobile_width=&#8220;0&#8243; width=&#8220;1\/3&#8243; uncode_shortcode_id=&#8220;179124&#8243; overlay_color_type=&#8220;uncode-palette&#8220; el_class=&#8220;solutions-wrapper&#8220;][vc_empty_space empty_h=&#8220;0&#8243;][vc_custom_heading heading_semantic=&#8220;p&#8220; text_font=&#8220;font-185131&#8243; text_size=&#8220;fontsize-196804&#8243; text_height=&#8220;fontheight-103495&#8243; uncode_shortcode_id=&#8220;996880&#8243;]Green<br \/>\nCampaign<br \/>\nCycle[\/vc_custom_heading][vc_empty_space empty_h=&#8220;1&#8243;][vc_column_text text_lead=&#8220;small&#8220; uncode_shortcode_id=&#8220;125616&#8243;]Unsere umfassende, globale<br \/>\nL\u00f6sung f\u00fcr umweltfreundliche<br \/>\nRetail- und Schaufensterkampagnen[\/vc_column_text][vc_empty_space empty_h=&#8220;1&#8243;][vc_button border_animation=&#8220;btn-ripple-out&#8220; outline=&#8220;yes&#8220; custom_typo=&#8220;yes&#8220; font_family=&#8220;font-106875&#8243; font_weight=&#8220;400&#8243; text_transform=&#8220;lowercase&#8220; letter_spacing=&#8220;fontspace-159385&#8243; border_width=&#8220;0&#8243; link=&#8220;url:https%3A%2F%2Fgreengen.liganova.com%2Fde%2Fsolutions%2Fgreen-campaign-cycle%2F|title:Green%20Campaign%20Cycle|&#8220; uncode_shortcode_id=&#8220;633893&#8243;]Explore More[\/vc_button][vc_empty_space empty_h=&#8220;2&#8243;][\/vc_column][vc_column column_width_percent=&#8220;100&#8243; position_vertical=&#8220;middle&#8220; align_horizontal=&#8220;align_center&#8220; gutter_size=&#8220;3&#8243; style=&#8220;dark&#8220; back_image=&#8220;187&#8243; overlay_color=&#8220;color-jevc&#8220; overlay_alpha=&#8220;75&#8243; shift_x=&#8220;0&#8243; shift_y=&#8220;0&#8243; shift_y_down=&#8220;0&#8243; z_index=&#8220;0&#8243; medium_width=&#8220;3&#8243; mobile_width=&#8220;0&#8243; width=&#8220;1\/3&#8243; uncode_shortcode_id=&#8220;414307&#8243; overlay_color_type=&#8220;uncode-palette&#8220; el_class=&#8220;solutions-wrapper&#8220;][vc_empty_space empty_h=&#8220;0&#8243;][vc_custom_heading heading_semantic=&#8220;p&#8220; text_font=&#8220;font-185131&#8243; text_size=&#8220;fontsize-196804&#8243; text_height=&#8220;fontheight-103495&#8243; uncode_shortcode_id=&#8220;388807&#8243;]Green<br \/>\nEvent<br \/>\nCycle[\/vc_custom_heading][vc_empty_space empty_h=&#8220;1&#8243;][vc_column_text text_lead=&#8220;small&#8220; uncode_shortcode_id=&#8220;613406&#8243;]Events und<br \/>\nExperiences mit<br \/>\nweniger CO<sub>2<\/sub>-Emissionen[\/vc_column_text][vc_empty_space empty_h=&#8220;1&#8243;][vc_button border_animation=&#8220;btn-ripple-out&#8220; outline=&#8220;yes&#8220; custom_typo=&#8220;yes&#8220; font_family=&#8220;font-106875&#8243; font_weight=&#8220;400&#8243; text_transform=&#8220;lowercase&#8220; letter_spacing=&#8220;fontspace-159385&#8243; border_width=&#8220;0&#8243; link=&#8220;url:https%3A%2F%2Fgreengen.liganova.com%2Fde%2Fsolutions%2Fgreen-event-cycle%2F|title:Green%20Event%20Cycle|&#8220; uncode_shortcode_id=&#8220;835694&#8243;]Explore More[\/vc_button][vc_empty_space empty_h=&#8220;2&#8243;][\/vc_column][\/vc_row][vc_row row_height_percent=&#8220;0&#8243; overlay_alpha=&#8220;50&#8243; gutter_size=&#8220;3&#8243; column_width_percent=&#8220;100&#8243; shift_y=&#8220;0&#8243; z_index=&#8220;0&#8243; uncode_shortcode_id=&#8220;138314&#8243;][vc_column column_width_percent=&#8220;100&#8243; align_horizontal=&#8220;align_center&#8220; gutter_size=&#8220;3&#8243; overlay_alpha=&#8220;50&#8243; shift_x=&#8220;0&#8243; shift_y=&#8220;0&#8243; shift_y_down=&#8220;0&#8243; z_index=&#8220;0&#8243; medium_width=&#8220;0&#8243; mobile_width=&#8220;0&#8243; width=&#8220;1\/1&#8243; uncode_shortcode_id=&#8220;147734&#8243;][vc_empty_space empty_h=&#8220;3&#8243; mobile_visibility=&#8220;yes&#8220;][vc_custom_heading heading_semantic=&#8220;h3&#8243; text_font=&#8220;font-185131&#8243; text_size=&#8220;fontsize-101592&#8243; uncode_shortcode_id=&#8220;765590&#8243;]Bereit loszulegen?[\/vc_custom_heading][vc_empty_space empty_h=&#8220;1&#8243;][vc_button border_animation=&#8220;btn-ripple-out&#8220; outline=&#8220;yes&#8220; custom_typo=&#8220;yes&#8220; font_family=&#8220;font-106875&#8243; font_weight=&#8220;400&#8243; letter_spacing=&#8220;fontspace-159385&#8243; border_width=&#8220;0&#8243; scale_mobile=&#8220;no&#8220; link=&#8220;url:mailto%3Aeleonora.bodulusic%40liganova.com|title:Jetzt%20Kontakt%20aufnehmen%21|target:_blank|&#8220; uncode_shortcode_id=&#8220;107836&#8243;]Jetzt Kontakt aufnehmen![\/vc_button][vc_empty_space empty_h=&#8220;3&#8243; mobile_visibility=&#8220;yes&#8220;][\/vc_column][\/vc_row][vc_row][vc_column width=&#8220;1\/1&#8243;][vc_column_text uncode_shortcode_id=&#8220;438783&#8243;]Beginnen Sie Ihre nachhaltige Transformation mit unseren Services[\/vc_column_text][uncode_index el_id=&#8220;index-518416&#8243; index_type=&#8220;carousel&#8220; loop=&#8220;size:3|order_by:date|post_type:page|by_id:84,82,80|taxonomy_count:10&#8243; carousel_lg=&#8220;3&#8243; carousel_md=&#8220;3&#8243; carousel_sm=&#8220;1&#8243; gutter_size=&#8220;3&#8243; page_items=&#8220;media|featured|onpost|original,title,icon|md&#8220; carousel_interval=&#8220;0&#8243; carousel_navspeed=&#8220;400&#8243; carousel_loop=&#8220;yes&#8220; stage_padding=&#8220;0&#8243; single_overlay_opacity=&#8220;50&#8243; single_padding=&#8220;1&#8243; single_title_family=&#8220;font-106875&#8243; single_title_dimension=&#8220;fontsize-204134&#8243; single_border=&#8220;yes&#8220; custom_order=&#8220;yes&#8220; uncode_shortcode_id=&#8220;157316&#8243; single_icon=&#8220;fa fa-plus2&#8243; order_ids=&#8220;80,82,84&#8243;][\/vc_column][\/vc_row]<\/p>\n<\/div>","protected":false},"excerpt":{"rendered":"<p>[vc_row][vc_column column_width_percent=&#8220;100&#8243; gutter_size=&#8220;3&#8243; overlay_alpha=&#8220;50&#8243; shift_x=&#8220;0&#8243; shift_y=&#8220;0&#8243; shift_y_down=&#8220;0&#8243; z_index=&#8220;0&#8243; medium_width=&#8220;0&#8243; mobile_width=&#8220;0&#8243; width=&#8220;1\/1&#8243; uncode_shortcode_id=&#8220;123749&#8243;][vc_raw_html]PGEgY2xhc3M9ImNsb3NlLWJ1dHRvbiIgaHJlZj0iaHR0cHM6Ly9ncmVlbmdlbi5saWdhbm92YS5jb20vZGUvIj4NCjxpbWcgc3JjPSJodHRwczovL2dyZWVuZ2VuLmxpZ2Fub3ZhLmNvbS93cC1jb250ZW50L3VwbG9hZHMvMjAyMy8wMi9nZy1jbG9zZS1ibC5zdmciIGFsdD0iQ2xvc2UiIHdpZHRoPSI1MCIgLz4NCjwvYT4=[\/vc_raw_html][vc_row_inner][vc_column_inner column_width_percent=&#8220;100&#8243; align_horizontal=&#8220;align_center&#8220; gutter_size=&#8220;2&#8243; overlay_alpha=&#8220;50&#8243; shift_x=&#8220;0&#8243; shift_y=&#8220;0&#8243; shift_y_down=&#8220;0&#8243; z_index=&#8220;0&#8243; [&hellip;]<\/p>\n","protected":false},"author":3,"featured_media":0,"parent":0,"menu_order":0,"comment_status":"closed","ping_status":"closed","template":"","meta":{"om_disable_all_campaigns":false,"footnotes":""},"class_list":["post-768","page","type-page","status-publish","hentry"],"_links":{"self":[{"href":"https:\/\/greengen.liganova.com\/de\/wp-json\/wp\/v2\/pages\/768","targetHints":{"allow":["GET"]}}],"collection":[{"href":"https:\/\/greengen.liganova.com\/de\/wp-json\/wp\/v2\/pages"}],"about":[{"href":"https:\/\/greengen.liganova.com\/de\/wp-json\/wp\/v2\/types\/page"}],"author":[{"embeddable":true,"href":"https:\/\/greengen.liganova.com\/de\/wp-json\/wp\/v2\/users\/3"}],"replies":[{"embeddable":true,"href":"https:\/\/greengen.liganova.com\/de\/wp-json\/wp\/v2\/comments?post=768"}],"version-history":[{"count":17,"href":"https:\/\/greengen.liganova.com\/de\/wp-json\/wp\/v2\/pages\/768\/revisions"}],"predecessor-version":[{"id":1815,"href":"https:\/\/greengen.liganova.com\/de\/wp-json\/wp\/v2\/pages\/768\/revisions\/1815"}],"wp:attachment":[{"href":"https:\/\/greengen.liganova.com\/de\/wp-json\/wp\/v2\/media?parent=768"}],"curies":[{"name":"wp","href":"https:\/\/api.w.org\/{rel}","templated":true}]}}