{"id":772,"date":"2023-02-13T10:27:20","date_gmt":"2023-02-13T10:27:20","guid":{"rendered":"https:\/\/greengen.liganova.com\/solutions\/green-campaign-cycle\/"},"modified":"2024-01-04T11:45:50","modified_gmt":"2024-01-04T11:45:50","slug":"green-campaign-cycle","status":"publish","type":"page","link":"https:\/\/greengen.liganova.com\/de\/solutions\/green-campaign-cycle\/","title":{"rendered":"Green Campaign Cycle"},"content":{"rendered":"<div class=\"wpb-content-wrapper\"><p>[vc_row][vc_column column_width_percent=&#8220;100&#8243; gutter_size=&#8220;3&#8243; overlay_alpha=&#8220;50&#8243; shift_x=&#8220;0&#8243; shift_y=&#8220;0&#8243; shift_y_down=&#8220;0&#8243; z_index=&#8220;0&#8243; medium_width=&#8220;0&#8243; mobile_width=&#8220;0&#8243; width=&#8220;1\/1&#8243; uncode_shortcode_id=&#8220;123749&#8243;][vc_raw_html]PGEgY2xhc3M9ImNsb3NlLWJ1dHRvbiIgaHJlZj0iaHR0cHM6Ly9ncmVlbmdlbi5saWdhbm92YS5jb20vZGUvc29sdXRpb25zLyI+DQo8aW1nIHNyYz0iaHR0cHM6Ly9ncmVlbmdlbi5saWdhbm92YS5jb20vd3AtY29udGVudC91cGxvYWRzLzIwMjMvMDIvZ2ctY2xvc2UtYmwuc3ZnIiBhbHQ9IkNsb3NlIiB3aWR0aD0iNTAiIC8+DQo8L2E+[\/vc_raw_html][vc_row_inner][vc_column_inner column_width_percent=&#8220;100&#8243; align_horizontal=&#8220;align_center&#8220; gutter_size=&#8220;2&#8243; overlay_alpha=&#8220;50&#8243; shift_x=&#8220;0&#8243; shift_y=&#8220;0&#8243; shift_y_down=&#8220;0&#8243; z_index=&#8220;0&#8243; align_medium=&#8220;align_left_tablet&#8220; medium_width=&#8220;0&#8243; align_mobile=&#8220;align_left_mobile&#8220; mobile_width=&#8220;0&#8243; width=&#8220;1\/1&#8243; uncode_shortcode_id=&#8220;100696&#8243;][vc_column_text uncode_shortcode_id=&#8220;171836&#8243;]Green Campaign Cycle[\/vc_column_text][\/vc_column_inner][\/vc_row_inner][\/vc_column][\/vc_row][vc_row][vc_column width=&#8220;1\/1&#8243;][vc_single_image media=&#8220;590&#8243; media_width_percent=&#8220;100&#8243; uncode_shortcode_id=&#8220;656249&#8243;][\/vc_column][\/vc_row][vc_row row_height_percent=&#8220;0&#8243; overlay_alpha=&#8220;50&#8243; gutter_size=&#8220;3&#8243; column_width_percent=&#8220;100&#8243; shift_y=&#8220;0&#8243; z_index=&#8220;0&#8243; uncode_shortcode_id=&#8220;138861&#8243;][vc_column column_width_percent=&#8220;90&#8243; gutter_size=&#8220;3&#8243; overlay_alpha=&#8220;50&#8243; shift_x=&#8220;0&#8243; shift_y=&#8220;0&#8243; shift_y_down=&#8220;0&#8243; z_index=&#8220;0&#8243; medium_width=&#8220;0&#8243; mobile_width=&#8220;0&#8243; width=&#8220;1\/1&#8243; uncode_shortcode_id=&#8220;100948&#8243;][vc_row_inner][vc_column_inner column_width_percent=&#8220;75&#8243; position_horizontal=&#8220;left&#8220; gutter_size=&#8220;3&#8243; overlay_alpha=&#8220;50&#8243; shift_x=&#8220;0&#8243; shift_y=&#8220;0&#8243; shift_y_down=&#8220;0&#8243; z_index=&#8220;0&#8243; medium_width=&#8220;0&#8243; mobile_width=&#8220;0&#8243; width=&#8220;1\/1&#8243; uncode_shortcode_id=&#8220;715233&#8243;][vc_custom_heading heading_semantic=&#8220;p&#8220; text_font=&#8220;font-185131&#8243; text_size=&#8220;fontsize-196804&#8243; text_height=&#8220;fontheight-468822&#8243; uncode_shortcode_id=&#8220;170521&#8243;]Herausragende  Kampagnen mit dem Ziel der Nachhaltigkeit[\/vc_custom_heading][\/vc_column_inner][\/vc_row_inner][vc_column_text uncode_shortcode_id=&#8220;926329&#8243;]Retailer sind aktiv auf der Suche nach nachhaltigen L\u00f6sungen. Denn die zunehmende Regulierung zielt darauf ab, die von Geb\u00e4uden und Innenr\u00e4umen ausgehenden Emissionen zu reduzieren. Und auch , Verbraucher machen ihre Kaufentscheidungen zunehmend von den Nachhaltigkeitsma\u00dfnahmen einer Marke abh\u00e4ngig.<\/p>\n<p>Retail Marketing ist nach wie vor ein wichtiger Umsatztreiber. Wir heben Ihre Retail Kampagnen auf die n\u00e4chste Stufe, indem wir bei jedem Projektschritt einen nachhaltigen Ansatz verfolgen.<\/p>\n<p>Und warum? Weil umweltbewusste Produkte allein nicht mehr ausreichen. Um Ihr Markenversprechen zu erf\u00fcllen, m\u00fcssen sie auch in einem nachhaltigen Umfeld pr\u00e4sentiert werden. Mit dem Green Campaign Cycle f\u00fcgt LIGANOVA dem Retail Marketing eine neue, bewusste Ebene hinzu.<\/p>\n<p>Durch die Anwendung verschiedener Ma\u00dfnahmen entlang der Wertsch\u00f6pfungskette und die Reduzierung des CO<sub>2<\/sub>-Fu\u00dfabdrucks des Projekts bei gleichzeitiger Kostenkontrolle maximieren wir die Wirkung Ihrer Marke.[\/vc_column_text][\/vc_column][\/vc_row][vc_row row_height_percent=&#8220;0&#8243; override_padding=&#8220;yes&#8220; h_padding=&#8220;2&#8243; top_padding=&#8220;3&#8243; bottom_padding=&#8220;3&#8243; overlay_alpha=&#8220;50&#8243; gutter_size=&#8220;3&#8243; column_width_percent=&#8220;100&#8243; shift_y=&#8220;0&#8243; z_index=&#8220;0&#8243; uncode_shortcode_id=&#8220;144489&#8243;][vc_column column_width_percent=&#8220;90&#8243; align_horizontal=&#8220;align_center&#8220; gutter_size=&#8220;3&#8243; overlay_alpha=&#8220;50&#8243; shift_x=&#8220;0&#8243; shift_y=&#8220;0&#8243; shift_y_down=&#8220;0&#8243; z_index=&#8220;0&#8243; medium_width=&#8220;0&#8243; mobile_width=&#8220;0&#8243; width=&#8220;1\/1&#8243; uncode_shortcode_id=&#8220;889185&#8243;][vc_empty_space empty_h=&#8220;2&#8243;][vc_row_inner][vc_column_inner column_width_percent=&#8220;100&#8243; align_horizontal=&#8220;align_center&#8220; gutter_size=&#8220;3&#8243; overlay_alpha=&#8220;50&#8243; shift_x=&#8220;0&#8243; shift_y=&#8220;0&#8243; shift_y_down=&#8220;0&#8243; z_index=&#8220;0&#8243; medium_width=&#8220;0&#8243; mobile_width=&#8220;0&#8243; width=&#8220;1\/1&#8243; uncode_shortcode_id=&#8220;123753&#8243;][vc_custom_heading heading_semantic=&#8220;h3&#8243; text_font=&#8220;font-185131&#8243; text_size=&#8220;fontsize-101592&#8243; uncode_shortcode_id=&#8220;140674&#8243;]Unser Ansatz f\u00fcr nachhaltige Retail- und Schaufensterkampagnen[\/vc_custom_heading][vc_custom_heading heading_semantic=&#8220;p&#8220; text_font=&#8220;font-185131&#8243; text_size=&#8220;fontsize-196804&#8243; text_height=&#8220;fontheight-468822&#8243; uncode_shortcode_id=&#8220;998645&#8243;]Um effiziente und wirkungsvolle Projektergebnisse zu gew\u00e4hrleisten, konzentrieren wir uns auf vier Handlungsfelder.[\/vc_custom_heading][\/vc_column_inner][\/vc_row_inner][\/vc_column][\/vc_row][vc_row row_height_percent=&#8220;0&#8243; overlay_alpha=&#8220;50&#8243; gutter_size=&#8220;3&#8243; column_width_percent=&#8220;100&#8243; shift_y=&#8220;0&#8243; z_index=&#8220;0&#8243; uncode_shortcode_id=&#8220;138307&#8243;][vc_column column_width_percent=&#8220;100&#8243; align_horizontal=&#8220;align_center&#8220; gutter_size=&#8220;3&#8243; overlay_alpha=&#8220;50&#8243; shift_x=&#8220;0&#8243; shift_y=&#8220;0&#8243; shift_y_down=&#8220;0&#8243; z_index=&#8220;0&#8243; medium_width=&#8220;0&#8243; mobile_width=&#8220;0&#8243; width=&#8220;1\/1&#8243; uncode_shortcode_id=&#8220;183459&#8243;][vc_empty_space empty_h=&#8220;2&#8243;][vc_row_inner row_inner_height_percent=&#8220;0&#8243; overlay_alpha=&#8220;50&#8243; gutter_size=&#8220;3&#8243; shift_y=&#8220;0&#8243; z_index=&#8220;0&#8243; uncode_shortcode_id=&#8220;743490&#8243;][vc_column_inner column_width_percent=&#8220;100&#8243; position_horizontal=&#8220;left&#8220; gutter_size=&#8220;3&#8243; overlay_alpha=&#8220;50&#8243; shift_x=&#8220;0&#8243; shift_y=&#8220;0&#8243; shift_y_down=&#8220;0&#8243; z_index=&#8220;0&#8243; medium_width=&#8220;4&#8243; mobile_width=&#8220;0&#8243; width=&#8220;1\/2&#8243; uncode_shortcode_id=&#8220;188377&#8243;][vc_single_image media=&#8220;592&#8243; media_width_percent=&#8220;90&#8243; uncode_shortcode_id=&#8220;578740&#8243;][\/vc_column_inner][vc_column_inner column_width_percent=&#8220;90&#8243; position_horizontal=&#8220;right&#8220; gutter_size=&#8220;3&#8243; overlay_alpha=&#8220;50&#8243; shift_x=&#8220;0&#8243; shift_y=&#8220;0&#8243; shift_y_down=&#8220;0&#8243; z_index=&#8220;0&#8243; medium_width=&#8220;4&#8243; mobile_width=&#8220;0&#8243; width=&#8220;1\/2&#8243; uncode_shortcode_id=&#8220;105386&#8243;][vc_column_text uncode_shortcode_id=&#8220;464882&#8243; el_class=&#8220;smaller-text&#8220;]1. Wir arbeiten nach den Prinzipien des Circular Design der Ellen MacArthur Foundation: weniger, auf langfristige Lebensdauer ausgelegt, effizient und mit den richtigen Materialien designen.[\/vc_column_text][vc_empty_space empty_h=&#8220;2&#8243; desktop_visibility=&#8220;yes&#8220; medium_visibility=&#8220;yes&#8220;][\/vc_column_inner][\/vc_row_inner][vc_empty_space empty_h=&#8220;3&#8243;][vc_row_inner row_inner_height_percent=&#8220;0&#8243; overlay_alpha=&#8220;50&#8243; gutter_size=&#8220;3&#8243; shift_y=&#8220;0&#8243; z_index=&#8220;0&#8243; inverted_device_order=&#8220;yes&#8220; uncode_shortcode_id=&#8220;138656&#8243;][vc_column_inner column_width_percent=&#8220;90&#8243; position_horizontal=&#8220;left&#8220; gutter_size=&#8220;3&#8243; overlay_alpha=&#8220;50&#8243; shift_x=&#8220;0&#8243; shift_y=&#8220;0&#8243; shift_y_down=&#8220;0&#8243; z_index=&#8220;0&#8243; medium_width=&#8220;4&#8243; mobile_width=&#8220;0&#8243; width=&#8220;1\/2&#8243; uncode_shortcode_id=&#8220;182971&#8243;][vc_column_text uncode_shortcode_id=&#8220;106679&#8243; el_class=&#8220;smaller-text&#8220;]2. Wir generieren effiziente und skalierbare L\u00f6sungen, indem wir standardisierte betriebliche Prozesse und Instrumente einsetzen, die von unseren Nachhaltigkeitsexperten entwickelt wurden und die unseren Projektteams Orientierung, Fokus und Inspiration bieten.[\/vc_column_text][vc_empty_space empty_h=&#8220;2&#8243; desktop_visibility=&#8220;yes&#8220; medium_visibility=&#8220;yes&#8220;][\/vc_column_inner][vc_column_inner column_width_percent=&#8220;100&#8243; position_horizontal=&#8220;left&#8220; gutter_size=&#8220;3&#8243; overlay_alpha=&#8220;50&#8243; shift_x=&#8220;0&#8243; shift_y=&#8220;0&#8243; shift_y_down=&#8220;0&#8243; z_index=&#8220;0&#8243; medium_width=&#8220;4&#8243; mobile_width=&#8220;0&#8243; width=&#8220;1\/2&#8243; uncode_shortcode_id=&#8220;179870&#8243;][vc_single_image media=&#8220;594&#8243; media_width_percent=&#8220;90&#8243; alignment=&#8220;right&#8220; uncode_shortcode_id=&#8220;194530&#8243;][\/vc_column_inner][\/vc_row_inner][vc_empty_space empty_h=&#8220;3&#8243;][vc_row_inner][vc_column_inner column_width_percent=&#8220;100&#8243; position_horizontal=&#8220;left&#8220; gutter_size=&#8220;3&#8243; overlay_alpha=&#8220;50&#8243; shift_x=&#8220;0&#8243; shift_y=&#8220;0&#8243; shift_y_down=&#8220;0&#8243; z_index=&#8220;0&#8243; medium_width=&#8220;4&#8243; mobile_width=&#8220;0&#8243; width=&#8220;1\/2&#8243; uncode_shortcode_id=&#8220;163405&#8243;][vc_single_image media=&#8220;596&#8243; media_width_percent=&#8220;90&#8243; uncode_shortcode_id=&#8220;137815&#8243;][\/vc_column_inner][vc_column_inner column_width_percent=&#8220;90&#8243; position_horizontal=&#8220;right&#8220; gutter_size=&#8220;3&#8243; overlay_alpha=&#8220;50&#8243; shift_x=&#8220;0&#8243; shift_y=&#8220;0&#8243; shift_y_down=&#8220;0&#8243; z_index=&#8220;0&#8243; medium_width=&#8220;4&#8243; mobile_width=&#8220;0&#8243; width=&#8220;1\/2&#8243; uncode_shortcode_id=&#8220;912250&#8243;][vc_column_text uncode_shortcode_id=&#8220;116707&#8243; el_class=&#8220;smaller-text&#8220;]3. Wir verkn\u00fcpfen CO<sub>2<\/sub>-Daten mit kaum\u00e4nnischen Daten, um datengest\u00fctzte Nachhaltigkeitsentscheidungen zu treffen und dabei die Kosten im Auge zu behalten.[\/vc_column_text][vc_empty_space empty_h=&#8220;2&#8243; desktop_visibility=&#8220;yes&#8220; medium_visibility=&#8220;yes&#8220;][\/vc_column_inner][\/vc_row_inner][vc_empty_space empty_h=&#8220;3&#8243;][vc_row_inner row_inner_height_percent=&#8220;0&#8243; overlay_alpha=&#8220;50&#8243; gutter_size=&#8220;3&#8243; shift_y=&#8220;0&#8243; z_index=&#8220;0&#8243; inverted_device_order=&#8220;yes&#8220; uncode_shortcode_id=&#8220;917914&#8243;][vc_column_inner column_width_percent=&#8220;90&#8243; position_horizontal=&#8220;left&#8220; gutter_size=&#8220;3&#8243; overlay_alpha=&#8220;50&#8243; shift_x=&#8220;0&#8243; shift_y=&#8220;0&#8243; shift_y_down=&#8220;0&#8243; z_index=&#8220;0&#8243; medium_width=&#8220;4&#8243; mobile_width=&#8220;0&#8243; width=&#8220;1\/2&#8243; uncode_shortcode_id=&#8220;126534&#8243;][vc_column_text uncode_shortcode_id=&#8220;539540&#8243; el_class=&#8220;smaller-text&#8220;]4. Wir arbeiten mit einem gro\u00dfen internationalen Netzwerk von Lieferanten und Partnern zusammen, die unsere hohen Nachhaltigkeitsstandards erf\u00fcllen und hervorragende Ergebnisse erzielen.[\/vc_column_text][vc_empty_space empty_h=&#8220;2&#8243; desktop_visibility=&#8220;yes&#8220; medium_visibility=&#8220;yes&#8220;][\/vc_column_inner][vc_column_inner column_width_percent=&#8220;100&#8243; position_horizontal=&#8220;left&#8220; gutter_size=&#8220;3&#8243; overlay_alpha=&#8220;50&#8243; shift_x=&#8220;0&#8243; shift_y=&#8220;0&#8243; shift_y_down=&#8220;0&#8243; z_index=&#8220;0&#8243; medium_width=&#8220;4&#8243; mobile_width=&#8220;0&#8243; width=&#8220;1\/2&#8243; uncode_shortcode_id=&#8220;132372&#8243;][vc_single_image media=&#8220;1586&#8243; media_width_percent=&#8220;90&#8243; alignment=&#8220;right&#8220; uncode_shortcode_id=&#8220;776829&#8243;][\/vc_column_inner][\/vc_row_inner][\/vc_column][\/vc_row][vc_row row_height_percent=&#8220;0&#8243; overlay_alpha=&#8220;50&#8243; gutter_size=&#8220;3&#8243; column_width_percent=&#8220;100&#8243; shift_y=&#8220;0&#8243; z_index=&#8220;0&#8243; uncode_shortcode_id=&#8220;138314&#8243;][vc_column column_width_percent=&#8220;100&#8243; align_horizontal=&#8220;align_center&#8220; gutter_size=&#8220;3&#8243; overlay_alpha=&#8220;50&#8243; shift_x=&#8220;0&#8243; shift_y=&#8220;0&#8243; shift_y_down=&#8220;0&#8243; z_index=&#8220;0&#8243; medium_width=&#8220;0&#8243; mobile_width=&#8220;0&#8243; width=&#8220;1\/1&#8243; uncode_shortcode_id=&#8220;147734&#8243;][vc_empty_space empty_h=&#8220;3&#8243; mobile_visibility=&#8220;yes&#8220;][vc_custom_heading heading_semantic=&#8220;h3&#8243; text_font=&#8220;font-185131&#8243; text_size=&#8220;fontsize-101592&#8243; uncode_shortcode_id=&#8220;101691&#8243;]Bereit loszulegen?[\/vc_custom_heading][vc_empty_space empty_h=&#8220;1&#8243;][vc_button border_animation=&#8220;btn-ripple-out&#8220; outline=&#8220;yes&#8220; custom_typo=&#8220;yes&#8220; font_family=&#8220;font-106875&#8243; font_weight=&#8220;400&#8243; letter_spacing=&#8220;fontspace-159385&#8243; border_width=&#8220;0&#8243; scale_mobile=&#8220;no&#8220; link=&#8220;url:mailto%3Aeleonora.bodulusic%40liganova.com|title:Jetzt%20Kontakt%20aufnehmen%21|target:_blank|&#8220; uncode_shortcode_id=&#8220;456661&#8243;]Jetzt Kontakt aufnehmen![\/vc_button][vc_empty_space empty_h=&#8220;3&#8243; mobile_visibility=&#8220;yes&#8220;][\/vc_column][\/vc_row]<\/p>\n<\/div>","protected":false},"excerpt":{"rendered":"<p>[vc_row][vc_column column_width_percent=&#8220;100&#8243; gutter_size=&#8220;3&#8243; overlay_alpha=&#8220;50&#8243; shift_x=&#8220;0&#8243; shift_y=&#8220;0&#8243; shift_y_down=&#8220;0&#8243; z_index=&#8220;0&#8243; medium_width=&#8220;0&#8243; mobile_width=&#8220;0&#8243; width=&#8220;1\/1&#8243; uncode_shortcode_id=&#8220;123749&#8243;][vc_raw_html]PGEgY2xhc3M9ImNsb3NlLWJ1dHRvbiIgaHJlZj0iaHR0cHM6Ly9ncmVlbmdlbi5saWdhbm92YS5jb20vZGUvc29sdXRpb25zLyI+DQo8aW1nIHNyYz0iaHR0cHM6Ly9ncmVlbmdlbi5saWdhbm92YS5jb20vd3AtY29udGVudC91cGxvYWRzLzIwMjMvMDIvZ2ctY2xvc2UtYmwuc3ZnIiBhbHQ9IkNsb3NlIiB3aWR0aD0iNTAiIC8+DQo8L2E+[\/vc_raw_html][vc_row_inner][vc_column_inner column_width_percent=&#8220;100&#8243; align_horizontal=&#8220;align_center&#8220; gutter_size=&#8220;2&#8243; overlay_alpha=&#8220;50&#8243; shift_x=&#8220;0&#8243; shift_y=&#8220;0&#8243; shift_y_down=&#8220;0&#8243; z_index=&#8220;0&#8243; [&hellip;]<\/p>\n","protected":false},"author":3,"featured_media":591,"parent":768,"menu_order":0,"comment_status":"closed","ping_status":"closed","template":"","meta":{"om_disable_all_campaigns":false,"footnotes":""},"class_list":["post-772","page","type-page","status-publish","has-post-thumbnail","hentry","page_category-solutions-de"],"_links":{"self":[{"href":"https:\/\/greengen.liganova.com\/de\/wp-json\/wp\/v2\/pages\/772","targetHints":{"allow":["GET"]}}],"collection":[{"href":"https:\/\/greengen.liganova.com\/de\/wp-json\/wp\/v2\/pages"}],"about":[{"href":"https:\/\/greengen.liganova.com\/de\/wp-json\/wp\/v2\/types\/page"}],"author":[{"embeddable":true,"href":"https:\/\/greengen.liganova.com\/de\/wp-json\/wp\/v2\/users\/3"}],"replies":[{"embeddable":true,"href":"https:\/\/greengen.liganova.com\/de\/wp-json\/wp\/v2\/comments?post=772"}],"version-history":[{"count":19,"href":"https:\/\/greengen.liganova.com\/de\/wp-json\/wp\/v2\/pages\/772\/revisions"}],"predecessor-version":[{"id":1810,"href":"https:\/\/greengen.liganova.com\/de\/wp-json\/wp\/v2\/pages\/772\/revisions\/1810"}],"up":[{"embeddable":true,"href":"https:\/\/greengen.liganova.com\/de\/wp-json\/wp\/v2\/pages\/768"}],"wp:featuredmedia":[{"embeddable":true,"href":"https:\/\/greengen.liganova.com\/de\/wp-json\/wp\/v2\/media\/591"}],"wp:attachment":[{"href":"https:\/\/greengen.liganova.com\/de\/wp-json\/wp\/v2\/media?parent=772"}],"curies":[{"name":"wp","href":"https:\/\/api.w.org\/{rel}","templated":true}]}}