{"id":785,"date":"2023-02-13T10:27:07","date_gmt":"2023-02-13T10:27:07","guid":{"rendered":"https:\/\/greengen.liganova.com\/solutions\/green-space-cycle\/"},"modified":"2024-01-04T11:44:03","modified_gmt":"2024-01-04T11:44:03","slug":"green-space-cycle","status":"publish","type":"page","link":"https:\/\/greengen.liganova.com\/de\/solutions\/green-space-cycle\/","title":{"rendered":"Green Space Cycle"},"content":{"rendered":"<div class=\"wpb-content-wrapper\"><p>[vc_row][vc_column column_width_percent=&#8220;100&#8243; gutter_size=&#8220;3&#8243; overlay_alpha=&#8220;50&#8243; shift_x=&#8220;0&#8243; shift_y=&#8220;0&#8243; shift_y_down=&#8220;0&#8243; z_index=&#8220;0&#8243; medium_width=&#8220;0&#8243; mobile_width=&#8220;0&#8243; width=&#8220;1\/1&#8243; uncode_shortcode_id=&#8220;123749&#8243;][vc_raw_html]PGEgY2xhc3M9ImNsb3NlLWJ1dHRvbiIgaHJlZj0iaHR0cHM6Ly9ncmVlbmdlbi5saWdhbm92YS5jb20vZGUvc29sdXRpb25zLyI+DQo8aW1nIHNyYz0iaHR0cHM6Ly9ncmVlbmdlbi5saWdhbm92YS5jb20vd3AtY29udGVudC91cGxvYWRzLzIwMjMvMDIvZ2ctY2xvc2UtYmwuc3ZnIiBhbHQ9IkNsb3NlIiB3aWR0aD0iNTAiIC8+DQo8L2E+[\/vc_raw_html][vc_row_inner][vc_column_inner column_width_percent=&#8220;100&#8243; align_horizontal=&#8220;align_center&#8220; gutter_size=&#8220;2&#8243; overlay_alpha=&#8220;50&#8243; shift_x=&#8220;0&#8243; shift_y=&#8220;0&#8243; shift_y_down=&#8220;0&#8243; z_index=&#8220;0&#8243; align_medium=&#8220;align_left_tablet&#8220; medium_width=&#8220;0&#8243; align_mobile=&#8220;align_left_mobile&#8220; mobile_width=&#8220;0&#8243; width=&#8220;1\/1&#8243; uncode_shortcode_id=&#8220;100696&#8243;][vc_column_text uncode_shortcode_id=&#8220;176591&#8243;]Green Space Cycle[\/vc_column_text][\/vc_column_inner][\/vc_row_inner][\/vc_column][\/vc_row][vc_row][vc_column width=&#8220;1\/1&#8243;][vc_single_image media=&#8220;573&#8243; media_width_percent=&#8220;100&#8243; uncode_shortcode_id=&#8220;192589&#8243;][\/vc_column][\/vc_row][vc_row row_height_percent=&#8220;0&#8243; overlay_alpha=&#8220;50&#8243; gutter_size=&#8220;3&#8243; column_width_percent=&#8220;100&#8243; shift_y=&#8220;0&#8243; z_index=&#8220;0&#8243; uncode_shortcode_id=&#8220;138861&#8243;][vc_column column_width_percent=&#8220;90&#8243; gutter_size=&#8220;3&#8243; overlay_alpha=&#8220;50&#8243; shift_x=&#8220;0&#8243; shift_y=&#8220;0&#8243; shift_y_down=&#8220;0&#8243; z_index=&#8220;0&#8243; medium_width=&#8220;0&#8243; mobile_width=&#8220;0&#8243; width=&#8220;1\/1&#8243; uncode_shortcode_id=&#8220;103843&#8243;][vc_row_inner][vc_column_inner column_width_percent=&#8220;75&#8243; position_horizontal=&#8220;left&#8220; gutter_size=&#8220;3&#8243; overlay_alpha=&#8220;50&#8243; shift_x=&#8220;0&#8243; shift_y=&#8220;0&#8243; shift_y_down=&#8220;0&#8243; z_index=&#8220;0&#8243; medium_width=&#8220;0&#8243; mobile_width=&#8220;0&#8243; width=&#8220;1\/1&#8243; uncode_shortcode_id=&#8220;715233&#8243;][vc_custom_heading heading_semantic=&#8220;p&#8220; text_font=&#8220;font-185131&#8243; text_size=&#8220;fontsize-196804&#8243; text_height=&#8220;fontheight-468822&#8243; uncode_shortcode_id=&#8220;529885&#8243;]Au\u00dfergew\u00f6hnliche und dennoch nachhaltige Brand Spaces[\/vc_custom_heading][\/vc_column_inner][\/vc_row_inner][vc_column_text uncode_shortcode_id=&#8220;169805&#8243;]Retailer sind aktiv auf der Suche nach nachhaltigen L\u00f6sungen. Denn die zunehmende Regulierung zielt darauf ab, die von Geb\u00e4uden und Innenr\u00e4umen ausgehenden Emissionen zu reduzieren. Und auch Verbraucher machen ihre Kaufentscheidungen zunehmend von den Nachhaltigkeitsma\u00dfnahmen einer Marke abh\u00e4ngig.<\/p>\n<p>Brand Spaces sind und bleiben die wichtigste Schnittstelle zwischen der Marke und dem Verbraucher. In dieser neuen Welt muss jeder Aspekt eines Brand Spaces nachhaltig werden.<\/p>\n<p>Mit dem Green Space Cycle schafft LIGANOVA herausragende nachhaltige und integrative R\u00e4ume mit einem reduzierten CO<sub>2<\/sub>-Fu\u00dfabdruck und gew\u00e4hrleistet gleichzeitig die Rentabilit\u00e4t. Unsere Tools und Ma\u00dfnahmen basieren auf dem DGNB-System (unter Ber\u00fccksichtigung von \u00d6kologie, \u00d6konomie und soziokulturellen Aspekten) und optimieren die gesamte Wertsch\u00f6pfungskette.[\/vc_column_text][\/vc_column][\/vc_row][vc_row row_height_percent=&#8220;0&#8243; override_padding=&#8220;yes&#8220; h_padding=&#8220;2&#8243; top_padding=&#8220;3&#8243; bottom_padding=&#8220;3&#8243; overlay_alpha=&#8220;50&#8243; gutter_size=&#8220;3&#8243; column_width_percent=&#8220;100&#8243; shift_y=&#8220;0&#8243; z_index=&#8220;0&#8243; uncode_shortcode_id=&#8220;170590&#8243;][vc_column column_width_percent=&#8220;90&#8243; align_horizontal=&#8220;align_center&#8220; gutter_size=&#8220;3&#8243; overlay_alpha=&#8220;50&#8243; shift_x=&#8220;0&#8243; shift_y=&#8220;0&#8243; shift_y_down=&#8220;0&#8243; z_index=&#8220;0&#8243; medium_width=&#8220;0&#8243; mobile_width=&#8220;0&#8243; width=&#8220;1\/1&#8243; uncode_shortcode_id=&#8220;146535&#8243;][vc_empty_space empty_h=&#8220;2&#8243;][vc_row_inner][vc_column_inner column_width_percent=&#8220;100&#8243; align_horizontal=&#8220;align_center&#8220; gutter_size=&#8220;3&#8243; overlay_alpha=&#8220;50&#8243; shift_x=&#8220;0&#8243; shift_y=&#8220;0&#8243; shift_y_down=&#8220;0&#8243; z_index=&#8220;0&#8243; medium_width=&#8220;0&#8243; mobile_width=&#8220;0&#8243; width=&#8220;1\/1&#8243; uncode_shortcode_id=&#8220;169515&#8243;][vc_custom_heading heading_semantic=&#8220;h3&#8243; text_font=&#8220;font-185131&#8243; text_size=&#8220;fontsize-101592&#8243; uncode_shortcode_id=&#8220;110323&#8243;]Unser Ansatz zur nachhaltigen Gestaltung von Brand Spaces[\/vc_custom_heading][vc_custom_heading heading_semantic=&#8220;p&#8220; text_font=&#8220;font-185131&#8243; text_size=&#8220;fontsize-196804&#8243; text_height=&#8220;fontheight-468822&#8243; uncode_shortcode_id=&#8220;571753&#8243;]Um maximale Wirkung zu erzielen, konzentrieren wir uns auf vier Handlungsfelder.<br \/>\n[\/vc_custom_heading][\/vc_column_inner][\/vc_row_inner][\/vc_column][\/vc_row][vc_row row_height_percent=&#8220;0&#8243; overlay_alpha=&#8220;50&#8243; gutter_size=&#8220;3&#8243; column_width_percent=&#8220;100&#8243; shift_y=&#8220;0&#8243; z_index=&#8220;0&#8243; uncode_shortcode_id=&#8220;138307&#8243;][vc_column column_width_percent=&#8220;100&#8243; align_horizontal=&#8220;align_center&#8220; gutter_size=&#8220;3&#8243; overlay_alpha=&#8220;50&#8243; shift_x=&#8220;0&#8243; shift_y=&#8220;0&#8243; shift_y_down=&#8220;0&#8243; z_index=&#8220;0&#8243; medium_width=&#8220;0&#8243; mobile_width=&#8220;0&#8243; width=&#8220;1\/1&#8243; uncode_shortcode_id=&#8220;120842&#8243;][vc_empty_space empty_h=&#8220;2&#8243;][vc_row_inner row_inner_height_percent=&#8220;0&#8243; overlay_alpha=&#8220;50&#8243; gutter_size=&#8220;3&#8243; shift_y=&#8220;0&#8243; z_index=&#8220;0&#8243; uncode_shortcode_id=&#8220;743490&#8243;][vc_column_inner column_width_percent=&#8220;100&#8243; position_horizontal=&#8220;left&#8220; gutter_size=&#8220;3&#8243; overlay_alpha=&#8220;50&#8243; shift_x=&#8220;0&#8243; shift_y=&#8220;0&#8243; shift_y_down=&#8220;0&#8243; z_index=&#8220;0&#8243; medium_width=&#8220;4&#8243; mobile_width=&#8220;0&#8243; width=&#8220;1\/2&#8243; uncode_shortcode_id=&#8220;188377&#8243;][vc_single_image media=&#8220;575&#8243; media_width_percent=&#8220;90&#8243; uncode_shortcode_id=&#8220;264403&#8243;][\/vc_column_inner][vc_column_inner column_width_percent=&#8220;90&#8243; position_horizontal=&#8220;right&#8220; gutter_size=&#8220;3&#8243; overlay_alpha=&#8220;50&#8243; shift_x=&#8220;0&#8243; shift_y=&#8220;0&#8243; shift_y_down=&#8220;0&#8243; z_index=&#8220;0&#8243; medium_width=&#8220;4&#8243; mobile_width=&#8220;0&#8243; width=&#8220;1\/2&#8243; uncode_shortcode_id=&#8220;800680&#8243;][vc_column_text uncode_shortcode_id=&#8220;468191&#8243; el_class=&#8220;smaller-text&#8220;]1. Wir arbeiten nach den Prinzipien des Circular Design der Ellen MacArthur Foundation: \u201cdesign less, design for long-term value, design efficiently\u201d und \u201cdesign with the right materials\u201d.[\/vc_column_text][vc_empty_space empty_h=&#8220;2&#8243; desktop_visibility=&#8220;yes&#8220; medium_visibility=&#8220;yes&#8220;][\/vc_column_inner][\/vc_row_inner][vc_empty_space empty_h=&#8220;3&#8243;][vc_row_inner row_inner_height_percent=&#8220;0&#8243; overlay_alpha=&#8220;50&#8243; gutter_size=&#8220;3&#8243; shift_y=&#8220;0&#8243; z_index=&#8220;0&#8243; inverted_device_order=&#8220;yes&#8220; uncode_shortcode_id=&#8220;138656&#8243;][vc_column_inner column_width_percent=&#8220;90&#8243; position_horizontal=&#8220;left&#8220; gutter_size=&#8220;3&#8243; overlay_alpha=&#8220;50&#8243; shift_x=&#8220;0&#8243; shift_y=&#8220;0&#8243; shift_y_down=&#8220;0&#8243; z_index=&#8220;0&#8243; medium_width=&#8220;4&#8243; mobile_width=&#8220;0&#8243; width=&#8220;1\/2&#8243; uncode_shortcode_id=&#8220;388784&#8243;][vc_column_text uncode_shortcode_id=&#8220;505728&#8243; el_class=&#8220;smaller-text&#8220;]2. Wir schaffen herausragende Markenerlebnisse, indem wir eine Reihe von Kriterien f\u00fcr die Einbindung von Nachhaltigkeit in die Raumgestaltung einbinden. Jedes Kriterium ist darauf ausgerichtet, ein unvergessliches Erlebnis zu schaffen und gleichzeitig die Nachhaltigkeitswerte und -bem\u00fchungen einer Marke zu pr\u00e4sentieren.[\/vc_column_text][vc_empty_space empty_h=&#8220;2&#8243; desktop_visibility=&#8220;yes&#8220; medium_visibility=&#8220;yes&#8220;][\/vc_column_inner][vc_column_inner column_width_percent=&#8220;100&#8243; position_horizontal=&#8220;left&#8220; gutter_size=&#8220;3&#8243; overlay_alpha=&#8220;50&#8243; shift_x=&#8220;0&#8243; shift_y=&#8220;0&#8243; shift_y_down=&#8220;0&#8243; z_index=&#8220;0&#8243; medium_width=&#8220;4&#8243; mobile_width=&#8220;0&#8243; width=&#8220;1\/2&#8243; uncode_shortcode_id=&#8220;179870&#8243;][vc_single_image media=&#8220;577&#8243; media_width_percent=&#8220;90&#8243; alignment=&#8220;right&#8220; uncode_shortcode_id=&#8220;387015&#8243;][\/vc_column_inner][\/vc_row_inner][vc_empty_space empty_h=&#8220;3&#8243;][vc_row_inner][vc_column_inner column_width_percent=&#8220;100&#8243; position_horizontal=&#8220;left&#8220; gutter_size=&#8220;3&#8243; overlay_alpha=&#8220;50&#8243; shift_x=&#8220;0&#8243; shift_y=&#8220;0&#8243; shift_y_down=&#8220;0&#8243; z_index=&#8220;0&#8243; medium_width=&#8220;4&#8243; mobile_width=&#8220;0&#8243; width=&#8220;1\/2&#8243; uncode_shortcode_id=&#8220;163405&#8243;][vc_single_image media=&#8220;579&#8243; media_width_percent=&#8220;90&#8243; uncode_shortcode_id=&#8220;131105&#8243;][\/vc_column_inner][vc_column_inner column_width_percent=&#8220;90&#8243; position_horizontal=&#8220;right&#8220; gutter_size=&#8220;3&#8243; overlay_alpha=&#8220;50&#8243; shift_x=&#8220;0&#8243; shift_y=&#8220;0&#8243; shift_y_down=&#8220;0&#8243; z_index=&#8220;0&#8243; medium_width=&#8220;4&#8243; mobile_width=&#8220;0&#8243; width=&#8220;1\/2&#8243; uncode_shortcode_id=&#8220;422063&#8243;][vc_column_text uncode_shortcode_id=&#8220;217049&#8243; el_class=&#8220;smaller-text&#8220;]3. Wir verkn\u00fcpfen CO<sub>2<\/sub>-Daten mit kaufm\u00e4nnischen Daten, um datengest\u00fctzte Nachhaltigkeit Entscheidungen zu treffen und dabei die Kosten im Auge zu behalten.[\/vc_column_text][vc_empty_space empty_h=&#8220;2&#8243; desktop_visibility=&#8220;yes&#8220; medium_visibility=&#8220;yes&#8220;][\/vc_column_inner][\/vc_row_inner][vc_empty_space empty_h=&#8220;3&#8243;][vc_row_inner row_inner_height_percent=&#8220;0&#8243; overlay_alpha=&#8220;50&#8243; gutter_size=&#8220;3&#8243; shift_y=&#8220;0&#8243; z_index=&#8220;0&#8243; inverted_device_order=&#8220;yes&#8220; uncode_shortcode_id=&#8220;917914&#8243;][vc_column_inner column_width_percent=&#8220;90&#8243; position_horizontal=&#8220;left&#8220; gutter_size=&#8220;3&#8243; overlay_alpha=&#8220;50&#8243; shift_x=&#8220;0&#8243; shift_y=&#8220;0&#8243; shift_y_down=&#8220;0&#8243; z_index=&#8220;0&#8243; medium_width=&#8220;4&#8243; mobile_width=&#8220;0&#8243; width=&#8220;1\/2&#8243; uncode_shortcode_id=&#8220;126534&#8243;][vc_column_text uncode_shortcode_id=&#8220;104848&#8243; el_class=&#8220;smaller-text&#8220;]4. Wir arbeiten mit einem gro\u00dfen internationalen Netzwerk von Lieferanten und Partnern zusammen, die unsere hohen Nachhaltigkeitsstandards erf\u00fcllen und hervorragende Ergebnisse erzielen.[\/vc_column_text][vc_empty_space empty_h=&#8220;2&#8243; desktop_visibility=&#8220;yes&#8220; medium_visibility=&#8220;yes&#8220;][\/vc_column_inner][vc_column_inner column_width_percent=&#8220;100&#8243; position_horizontal=&#8220;left&#8220; gutter_size=&#8220;3&#8243; overlay_alpha=&#8220;50&#8243; shift_x=&#8220;0&#8243; shift_y=&#8220;0&#8243; shift_y_down=&#8220;0&#8243; z_index=&#8220;0&#8243; medium_width=&#8220;4&#8243; mobile_width=&#8220;0&#8243; width=&#8220;1\/2&#8243; uncode_shortcode_id=&#8220;132372&#8243;][vc_single_image media=&#8220;581&#8243; media_width_percent=&#8220;90&#8243; alignment=&#8220;right&#8220; uncode_shortcode_id=&#8220;138109&#8243;][\/vc_column_inner][\/vc_row_inner][\/vc_column][\/vc_row][vc_row row_height_percent=&#8220;0&#8243; overlay_alpha=&#8220;50&#8243; gutter_size=&#8220;3&#8243; column_width_percent=&#8220;100&#8243; shift_y=&#8220;0&#8243; z_index=&#8220;0&#8243; uncode_shortcode_id=&#8220;138314&#8243;][vc_column column_width_percent=&#8220;100&#8243; align_horizontal=&#8220;align_center&#8220; gutter_size=&#8220;3&#8243; overlay_alpha=&#8220;50&#8243; shift_x=&#8220;0&#8243; shift_y=&#8220;0&#8243; shift_y_down=&#8220;0&#8243; z_index=&#8220;0&#8243; medium_width=&#8220;0&#8243; mobile_width=&#8220;0&#8243; width=&#8220;1\/1&#8243; uncode_shortcode_id=&#8220;147734&#8243;][vc_empty_space empty_h=&#8220;3&#8243; mobile_visibility=&#8220;yes&#8220;][vc_custom_heading heading_semantic=&#8220;h3&#8243; text_font=&#8220;font-185131&#8243; text_size=&#8220;fontsize-101592&#8243; uncode_shortcode_id=&#8220;116446&#8243;]Bereit loszulegen?[\/vc_custom_heading][vc_empty_space empty_h=&#8220;1&#8243;][vc_button border_animation=&#8220;btn-ripple-out&#8220; outline=&#8220;yes&#8220; custom_typo=&#8220;yes&#8220; font_family=&#8220;font-106875&#8243; font_weight=&#8220;400&#8243; letter_spacing=&#8220;fontspace-159385&#8243; border_width=&#8220;0&#8243; scale_mobile=&#8220;no&#8220; link=&#8220;url:mailto%3Aeleonora.bodulusic%40liganova.com|title:Jetzt%20Kontakt%20aufnehmen%21|target:_blank|&#8220; uncode_shortcode_id=&#8220;231968&#8243;]Jetzt Kontakt aufnehmen![\/vc_button][vc_empty_space empty_h=&#8220;3&#8243; mobile_visibility=&#8220;yes&#8220;][\/vc_column][\/vc_row]<\/p>\n<\/div>","protected":false},"excerpt":{"rendered":"<p>[vc_row][vc_column column_width_percent=&#8220;100&#8243; gutter_size=&#8220;3&#8243; overlay_alpha=&#8220;50&#8243; shift_x=&#8220;0&#8243; shift_y=&#8220;0&#8243; shift_y_down=&#8220;0&#8243; z_index=&#8220;0&#8243; medium_width=&#8220;0&#8243; mobile_width=&#8220;0&#8243; width=&#8220;1\/1&#8243; uncode_shortcode_id=&#8220;123749&#8243;][vc_raw_html]PGEgY2xhc3M9ImNsb3NlLWJ1dHRvbiIgaHJlZj0iaHR0cHM6Ly9ncmVlbmdlbi5saWdhbm92YS5jb20vZGUvc29sdXRpb25zLyI+DQo8aW1nIHNyYz0iaHR0cHM6Ly9ncmVlbmdlbi5saWdhbm92YS5jb20vd3AtY29udGVudC91cGxvYWRzLzIwMjMvMDIvZ2ctY2xvc2UtYmwuc3ZnIiBhbHQ9IkNsb3NlIiB3aWR0aD0iNTAiIC8+DQo8L2E+[\/vc_raw_html][vc_row_inner][vc_column_inner column_width_percent=&#8220;100&#8243; align_horizontal=&#8220;align_center&#8220; gutter_size=&#8220;2&#8243; overlay_alpha=&#8220;50&#8243; shift_x=&#8220;0&#8243; shift_y=&#8220;0&#8243; shift_y_down=&#8220;0&#8243; z_index=&#8220;0&#8243; [&hellip;]<\/p>\n","protected":false},"author":3,"featured_media":574,"parent":768,"menu_order":0,"comment_status":"closed","ping_status":"closed","template":"","meta":{"om_disable_all_campaigns":false,"footnotes":""},"class_list":["post-785","page","type-page","status-publish","has-post-thumbnail","hentry","page_category-solutions-de"],"_links":{"self":[{"href":"https:\/\/greengen.liganova.com\/de\/wp-json\/wp\/v2\/pages\/785","targetHints":{"allow":["GET"]}}],"collection":[{"href":"https:\/\/greengen.liganova.com\/de\/wp-json\/wp\/v2\/pages"}],"about":[{"href":"https:\/\/greengen.liganova.com\/de\/wp-json\/wp\/v2\/types\/page"}],"author":[{"embeddable":true,"href":"https:\/\/greengen.liganova.com\/de\/wp-json\/wp\/v2\/users\/3"}],"replies":[{"embeddable":true,"href":"https:\/\/greengen.liganova.com\/de\/wp-json\/wp\/v2\/comments?post=785"}],"version-history":[{"count":37,"href":"https:\/\/greengen.liganova.com\/de\/wp-json\/wp\/v2\/pages\/785\/revisions"}],"predecessor-version":[{"id":1807,"href":"https:\/\/greengen.liganova.com\/de\/wp-json\/wp\/v2\/pages\/785\/revisions\/1807"}],"up":[{"embeddable":true,"href":"https:\/\/greengen.liganova.com\/de\/wp-json\/wp\/v2\/pages\/768"}],"wp:featuredmedia":[{"embeddable":true,"href":"https:\/\/greengen.liganova.com\/de\/wp-json\/wp\/v2\/media\/574"}],"wp:attachment":[{"href":"https:\/\/greengen.liganova.com\/de\/wp-json\/wp\/v2\/media?parent=785"}],"curies":[{"name":"wp","href":"https:\/\/api.w.org\/{rel}","templated":true}]}}